{"id":8,"date":"2026-01-03T10:14:54","date_gmt":"2026-01-03T09:14:54","guid":{"rendered":"https:\/\/sophrologue-eft-lyon.com\/rire-et-zen-attitude\/?page_id=8"},"modified":"2026-01-10T19:36:48","modified_gmt":"2026-01-10T18:36:48","slug":"sophrologie-yoga-du-rire-cours-ateliers","status":"publish","type":"page","link":"https:\/\/sophrologue-eft-lyon.com\/rire-et-zen-attitude\/sophrologie-yoga-du-rire-cours-ateliers\/","title":{"rendered":"Cours et Stages"},"content":{"rendered":"<p>[vc_row][vc_column width=\u00a0\u00bb3\/4&Prime;][vc_column_text]<\/p>\n<h2><strong><span style=\"text-decoration: underline;\">Cours Hebdomadaire<\/span>:\u00a0<\/strong><\/h2>\n<h4><\/h4>\n<h5><strong>&#8211; <a href=\"https:\/\/sophrologue-eft-lyon.com\/rire-et-zen-attitude\/wp-content\/uploads\/sites\/9\/2024\/10\/S.-Hebdo-YR-24-25.jpg\"><span style=\"text-decoration: underline;\">Yoga du Rire <\/span><\/a><\/strong>(Souad Cartellier)<\/h5>\n<h4><\/h4>\n<p>&nbsp;<\/p>\n<h4><strong><a href=\"https:\/\/sophrologue-eft-lyon.com\/rire-et-zen-attitude\/wp-content\/uploads\/sites\/9\/2025\/09\/Plaquette-RZA-25-26.pdf\">T\u00e9l\u00e9charger Plaquette RZA 25-26<\/a><\/strong><\/h4>\n<p>&nbsp;<\/p>\n<h2><span style=\"text-decoration: underline;\"><strong>Divers A<\/strong><\/span><span style=\"text-decoration: underline;\"><strong>teliers des lundis<\/strong><\/span> entre <b>19h15 <\/b>et<b> 21h30;\u00a0<\/b><\/h2>\n<h3><img loading=\"lazy\" decoding=\"async\" class=\"alignnone size-large wp-image-1508\" src=\"https:\/\/sophrologue-eft-lyon.com\/rire-et-zen-attitude\/wp-content\/uploads\/sites\/9\/2026\/01\/Prog.At_.-des-lundis-25-26-oser-se-pauser-724x1024.jpg\" alt=\"\" width=\"724\" height=\"1024\" \/><\/h3>\n<h2>Voir ci-dessous<b> les d\u00e9tails de chaque atelier:<\/b><\/h2>\n<p>&nbsp;<\/p>\n<p><b>&#8211; <a href=\"https:\/\/sophrologue-eft-lyon.com\/rire-et-zen-attitude\/wp-content\/uploads\/sites\/9\/2025\/10\/At.-cercle-de-pardon-25-26.jpg\">Cercle de pardon<\/a>\u00a0<\/b> (Agnelle Maillard)<\/p>\n<p><strong>&#8211; <a href=\"https:\/\/sophrologue-eft-lyon.com\/rire-et-zen-attitude\/wp-content\/uploads\/sites\/9\/2025\/08\/Sophrologie-lundi-25-26.jpg\">Sophrologie <\/a><\/strong>(Souad Cartellier)<\/p>\n<p><strong>&#8211; <a href=\"https:\/\/sophrologue-eft-lyon.com\/rire-et-zen-attitude\/wp-content\/uploads\/sites\/9\/2025\/08\/Sophro-Lud-lundi-25-26.jpg\">Sophrologie Ludique <\/a><\/strong>(Souad Cartellier)<\/p>\n<p><strong>&#8211;<a href=\"https:\/\/sophrologue-eft-lyon.com\/rire-et-zen-attitude\/wp-content\/uploads\/sites\/9\/2025\/09\/Rire-en-Famille-25-26.jpg\"> <span style=\"text-decoration: underline;\">Rire en Famille <\/span><\/a><\/strong>(Souad Cartellier)<\/p>\n<p><strong>&#8211; <a href=\"https:\/\/sophrologue-eft-lyon.com\/rire-et-zen-attitude\/wp-content\/uploads\/sites\/9\/2025\/09\/Seance-YR-Professionels-25-26.jpg\">Rire pour les professionnels <\/a><\/strong>(Souad Cartellier)<\/p>\n<p><strong>&#8211; <a href=\"https:\/\/sophrologue-eft-lyon.com\/rire-et-zen-attitude\/wp-content\/uploads\/sites\/9\/2025\/01\/Atelier-bijoux-25-26.jpg\">Cr\u00e9ation et Bijoux <\/a><\/strong>(Souad Cartellier)<\/p>\n<p>&#8211; <a href=\"https:\/\/sophrologue-eft-lyon.com\/rire-et-zen-attitude\/wp-content\/uploads\/sites\/9\/2025\/01\/Crs-Cuisine-Libanaise.jpg\"><strong>Cuisine Libanaise <\/strong><\/a>(Souad Cartellier)<\/p>\n<p><strong>&#8211; <a href=\"https:\/\/sophrologue-eft-lyon.com\/rire-et-zen-attitude\/wp-content\/uploads\/sites\/9\/2025\/09\/At.-Relaxat\u00b0Mvts-Continuite3S-tps-de-renc.25-26.jpg\">Relaxation et Mouvements<\/a><\/strong>(Senior)<\/p>\n<p><strong>&#8211;<a href=\"https:\/\/sophrologue-eft-lyon.com\/rire-et-zen-attitude\/wp-content\/uploads\/sites\/9\/2024\/11\/At.-Rire-Sem.-Bleue-Continuite-2S.25-26.jpg\"> Un temps de Rencontre<\/a><\/strong>(Seniors)<\/p>\n<p>&nbsp;<\/p>\n<p><strong>&#8211;\u00a0<\/strong><a href=\"https:\/\/sophrologue-eft-lyon.com\/rire-et-zen-attitude\/wp-content\/uploads\/sites\/9\/2024\/11\/Sophro-Preparation-Objectif-24-25.jpg\">Atelier <strong>atteindre sereinement son objectif<\/strong><\/a><\/p>\n<p><strong>&#8211; Atelier Respiration: <\/strong>T\u00e9l\u00e9charger les d\u00e9tails<\/p>\n<p>&nbsp;<\/p>\n<h2><\/h2>\n<h3><b>Activit\u00e9 Annuelle<\/b>:<\/h3>\n<h5>*<b>Week\u2013End hors de Lyon <\/b><b>20-21\/<\/b><b>Juin\/26<\/b><b>: D\u00e9tente et Cr\u00e9ativit\u00e9<\/b><\/h5>\n<h2><\/h2>\n<h5><\/h5>\n<p>&nbsp;<\/p>\n<p><strong><a href=\"https:\/\/sophrologue-eft-lyon.com\/rire-et-zen-attitude\/wp-content\/uploads\/sites\/9\/2022\/07\/Bulletin-dAdesion.pdf\">T\u00e9l\u00e9chargez Bulletin d&rsquo;Adh\u00e9sion<\/a><\/strong><\/p>\n<p><u><b><\/b><\/u><strong><a href=\"https:\/\/sophrologue-eft-lyon.com\/rire-et-zen-attitude\/wp-content\/uploads\/sites\/9\/2022\/07\/Formulaire-dInscription-cours-stage.pdf\">T\u00e9l\u00e9chargez Formulaire d&rsquo;Inscription cours stage<\/a><\/strong><\/p>\n<p><span style=\"font-family: Arial, serif;\"><span style=\"font-size: large;\">N.B: Les bulletins ci-dessus sont \u00e0 imprimer et \u00e0 renvoyer avec votre r\u00e8glement \u00e0: <\/span><\/span><span style=\"font-family: Arial, serif;\"><span style=\"font-size: large;\">Rire et Zen\u2019Attitude, 8 rue Denuzi\u00e8re &#8211; 69002 Lyon, France\u00a0 \u00a0 \u00a0 \u00a0 \u00a0 \u00a0 \u00a0 \u00a0 \u00a0 \u00a0 \u00a0 \u00a0 \u00a0 \u00a0 \u00a0 \u00a0 \u00a0 \u00a0 \u00a0 \u00a0 \u00a0<\/span><\/span><span style=\"font-family: Arial, serif;\"><span style=\"font-size: large;\">\u00a0<\/span><\/span>[\/vc_column_text][vc_toggle title=\u00a0\u00bbConditions d\u2019inscription\u00a0\u00bb style=\u00a0\u00bbsquare\u00a0\u00bb color=\u00a0\u00bborange\u00a0\u00bb]<\/p>\n<p>Tous les cours et stages peuvent \u00eatre suivis ind\u00e9pendamment, uniquement sur inscription.<\/p>\n<p>&nbsp;<\/p>\n<p>&nbsp;<\/p>\n<p><strong>&#8211; R\u00e9servation <\/strong>La r\u00e9servation se fait en retournant le formulaire d\u2019inscription avec le r\u00e8glement. Votre r\u00e9servation ne sera effective qu\u2019\u00e0 r\u00e9ception de votre ch\u00e8que. <strong>&#8211; Annulation de la part de L\u2019ORGANISATEUR (trice) <\/strong> <strong>Rire et Zen\u2019Attitude se r\u00e9serve le droit de refuser tout participant, ainsi que de modifier la destination ou le contenu du programme en fonction des al\u00e9as naturels. <\/strong> Si pour des raisons ind\u00e9pendantes de la volont\u00e9 de l\u2019accompagnateur, celui-ci devait annuler un cours ou un stage, ce dernier serait rembours\u00e9 au client. Aucunes indemnit\u00e9s compensatoires ne pourront \u00eatre r\u00e9clam\u00e9es. <strong>&#8211; Annulation de la part du client <\/strong>Toute annulation de la part du client jusqu\u2019\u00e0 21jours ouvrables avant la date du stage, lui donne droit \u00e0 un remboursement total. Pour les stages hors de Lyon, un remboursement partiel (20% seront retenus pour frais de dossier et charges).\u00a0 Le non respect du lieu de rendez-vous et \/ ou de l\u2019horaire, l\u2019interruption de l\u2019activit\u00e9 de la part du client ne donne droit \u00e0 aucun remboursement.<\/p>\n<p><strong>-Stages en dehors de Lyon: Frais d\u2019h\u00e9bergement <\/strong>Dans les cas o\u00f9 l\u2019h\u00e9bergement est inclus dans le prix du stage, le prix reste fixe. Dans les cas o\u00f9 l\u2019h\u00e9bergement n\u2019est pas inclus dans le prix du stage, les \u00e9ventuels frais d\u2019h\u00e9bergement sont fournis \u00e0 titre indicatif et peuvent \u00eatre modifi\u00e9s par\u00a0 les h\u00e9bergeurs \u00e0 tout moment sans pr\u00e9avis particulier \u00e0 notre \u00e9gard. <strong>&#8211; Cours: Cursus complet <\/strong>L\u2019ensemble des cours est organis\u00e9 suivant un cursus complet que vous pouvez suivre s\u00e9par\u00e9ment (\u00e0 la carte, s\u00e9ance) ou en totalit\u00e9 (forfait).<\/p>\n<p><strong>&#8211; Votre Formateur(trice) <\/strong>Il ou elle, est sp\u00e9cialiste dans son domaine et dipl\u00f4m\u00e9 en France. Il ou elle, apporte aux particuliers et aux professionnels des outils simples, accessibles et r\u00e9-utilisables \u00e0 volont\u00e9, ainsi que des solutions efficaces et durables aux probl\u00e8mes trait\u00e9s. <strong>&#8211; Public <\/strong>Toute personne particuliers ou professionnels, majeurs, int\u00e9ress\u00e9s par ce que l\u2019association propose et a le souci de faire d\u00e9velopper.[\/vc_toggle][\/vc_column][vc_column width=\u00a0\u00bb1\/4&Prime;][vc_single_image image=\u00a0\u00bb63&Prime; img_size=\u00a0\u00bbfull\u00a0\u00bb alignment=\u00a0\u00bbcenter\u00a0\u00bb][vc_single_image image=\u00a0\u00bb58&Prime; img_size=\u00a0\u00bbfull\u00a0\u00bb alignment=\u00a0\u00bbcenter\u00a0\u00bb][vc_single_image image=\u00a0\u00bb62&Prime; img_size=\u00a0\u00bbfull\u00a0\u00bb alignment=\u00a0\u00bbcenter\u00a0\u00bb][\/vc_column][\/vc_row]<\/p>\n","protected":false},"excerpt":{"rendered":"<p>c&rsquo;est l\u00e0 que vous trouvez les d\u00e9tails des cours, ateliers et stages que l&rsquo;association propose dans la cadre de la pr\u00e9vention sant\u00e9 et mieux \u00eatre. <\/p>\n","protected":false},"author":2,"featured_media":0,"parent":0,"menu_order":0,"comment_status":"open","ping_status":"closed","template":"","meta":{"_et_pb_use_builder":"off","_et_pb_old_content":"","_et_gb_content_width":"","footnotes":""},"class_list":["post-8","page","type-page","status-publish","hentry"],"yoast_head":"<!-- This site is optimized with the Yoast SEO plugin v26.7 - https:\/\/yoast.com\/wordpress\/plugins\/seo\/ -->\n<title>Cours et stage Yoga du rire, Sophrologie,Cuisine Libanaise,Bijoux<\/title>\n<meta name=\"description\" content=\"vous trouverez ici la description des cours et stages hebdo et mensuels sur cette page qui est mise \u00e0 jour r\u00e9guli\u00e8rement...\" \/>\n<meta name=\"robots\" content=\"index, follow, max-snippet:-1, max-image-preview:large, max-video-preview:-1\" \/>\n<link rel=\"canonical\" href=\"https:\/\/sophrologue-eft-lyon.com\/rire-et-zen-attitude\/sophrologie-yoga-du-rire-cours-ateliers\/\" \/>\n<meta property=\"og:locale\" content=\"fr_FR\" \/>\n<meta property=\"og:type\" content=\"article\" \/>\n<meta property=\"og:title\" content=\"Cours et stage Yoga du rire, Sophrologie,Cuisine Libanaise,Bijoux\" \/>\n<meta property=\"og:description\" content=\"vous trouverez ici la description des cours et stages hebdo et mensuels sur cette page qui est mise \u00e0 jour r\u00e9guli\u00e8rement...\" \/>\n<meta property=\"og:url\" content=\"https:\/\/sophrologue-eft-lyon.com\/rire-et-zen-attitude\/sophrologie-yoga-du-rire-cours-ateliers\/\" \/>\n<meta property=\"og:site_name\" content=\"Rire et Zen attitude\" \/>\n<meta property=\"article:modified_time\" content=\"2026-01-10T18:36:48+00:00\" \/>\n<meta property=\"og:image\" content=\"https:\/\/sophrologue-eft-lyon.com\/rire-et-zen-attitude\/wp-content\/uploads\/sites\/9\/2026\/01\/Prog.At_.-des-lundis-25-26-oser-se-pauser.jpg\" \/>\n\t<meta property=\"og:image:width\" content=\"1240\" \/>\n\t<meta property=\"og:image:height\" content=\"1754\" \/>\n\t<meta property=\"og:image:type\" content=\"image\/jpeg\" \/>\n<meta name=\"twitter:card\" content=\"summary_large_image\" \/>\n<meta name=\"twitter:label1\" content=\"Dur\u00e9e de lecture estim\u00e9e\" \/>\n\t<meta name=\"twitter:data1\" content=\"3 minutes\" \/>\n<script type=\"application\/ld+json\" class=\"yoast-schema-graph\">{\"@context\":\"https:\/\/schema.org\",\"@graph\":[{\"@type\":\"WebPage\",\"@id\":\"https:\/\/sophrologue-eft-lyon.com\/rire-et-zen-attitude\/sophrologie-yoga-du-rire-cours-ateliers\/\",\"url\":\"https:\/\/sophrologue-eft-lyon.com\/rire-et-zen-attitude\/sophrologie-yoga-du-rire-cours-ateliers\/\",\"name\":\"Cours et stage Yoga du rire, Sophrologie,Cuisine Libanaise,Bijoux\",\"isPartOf\":{\"@id\":\"https:\/\/sophrologue-eft-lyon.com\/rire-et-zen-attitude\/#website\"},\"primaryImageOfPage\":{\"@id\":\"https:\/\/sophrologue-eft-lyon.com\/rire-et-zen-attitude\/sophrologie-yoga-du-rire-cours-ateliers\/#primaryimage\"},\"image\":{\"@id\":\"https:\/\/sophrologue-eft-lyon.com\/rire-et-zen-attitude\/sophrologie-yoga-du-rire-cours-ateliers\/#primaryimage\"},\"thumbnailUrl\":\"https:\/\/sophrologue-eft-lyon.com\/rire-et-zen-attitude\/wp-content\/uploads\/sites\/9\/2026\/01\/Prog.At_.-des-lundis-25-26-oser-se-pauser-724x1024.jpg\",\"datePublished\":\"2026-01-03T09:14:54+00:00\",\"dateModified\":\"2026-01-10T18:36:48+00:00\",\"description\":\"vous trouverez ici la description des cours et stages hebdo et mensuels sur cette page qui est mise \u00e0 jour r\u00e9guli\u00e8rement...\",\"breadcrumb\":{\"@id\":\"https:\/\/sophrologue-eft-lyon.com\/rire-et-zen-attitude\/sophrologie-yoga-du-rire-cours-ateliers\/#breadcrumb\"},\"inLanguage\":\"fr-FR\",\"potentialAction\":[{\"@type\":\"ReadAction\",\"target\":[\"https:\/\/sophrologue-eft-lyon.com\/rire-et-zen-attitude\/sophrologie-yoga-du-rire-cours-ateliers\/\"]}]},{\"@type\":\"ImageObject\",\"inLanguage\":\"fr-FR\",\"@id\":\"https:\/\/sophrologue-eft-lyon.com\/rire-et-zen-attitude\/sophrologie-yoga-du-rire-cours-ateliers\/#primaryimage\",\"url\":\"https:\/\/sophrologue-eft-lyon.com\/rire-et-zen-attitude\/wp-content\/uploads\/sites\/9\/2026\/01\/Prog.At_.-des-lundis-25-26-oser-se-pauser.jpg\",\"contentUrl\":\"https:\/\/sophrologue-eft-lyon.com\/rire-et-zen-attitude\/wp-content\/uploads\/sites\/9\/2026\/01\/Prog.At_.-des-lundis-25-26-oser-se-pauser.jpg\",\"width\":1240,\"height\":1754},{\"@type\":\"BreadcrumbList\",\"@id\":\"https:\/\/sophrologue-eft-lyon.com\/rire-et-zen-attitude\/sophrologie-yoga-du-rire-cours-ateliers\/#breadcrumb\",\"itemListElement\":[{\"@type\":\"ListItem\",\"position\":1,\"name\":\"Accueil\",\"item\":\"https:\/\/sophrologue-eft-lyon.com\/rire-et-zen-attitude\/\"},{\"@type\":\"ListItem\",\"position\":2,\"name\":\"Cours et Stages\"}]},{\"@type\":\"WebSite\",\"@id\":\"https:\/\/sophrologue-eft-lyon.com\/rire-et-zen-attitude\/#website\",\"url\":\"https:\/\/sophrologue-eft-lyon.com\/rire-et-zen-attitude\/\",\"name\":\"Rire et Zen attitude\",\"description\":\"Aller de l\u2019avant quotidiennement\",\"publisher\":{\"@id\":\"https:\/\/sophrologue-eft-lyon.com\/rire-et-zen-attitude\/#\/schema\/person\/b5d6a3b9904aac61c6691dcb8565a296\"},\"potentialAction\":[{\"@type\":\"SearchAction\",\"target\":{\"@type\":\"EntryPoint\",\"urlTemplate\":\"https:\/\/sophrologue-eft-lyon.com\/rire-et-zen-attitude\/?s={search_term_string}\"},\"query-input\":{\"@type\":\"PropertyValueSpecification\",\"valueRequired\":true,\"valueName\":\"search_term_string\"}}],\"inLanguage\":\"fr-FR\"},{\"@type\":[\"Person\",\"Organization\"],\"@id\":\"https:\/\/sophrologue-eft-lyon.com\/rire-et-zen-attitude\/#\/schema\/person\/b5d6a3b9904aac61c6691dcb8565a296\",\"name\":\"adminsouad\",\"image\":{\"@type\":\"ImageObject\",\"inLanguage\":\"fr-FR\",\"@id\":\"https:\/\/sophrologue-eft-lyon.com\/rire-et-zen-attitude\/#\/schema\/person\/image\/\",\"url\":\"https:\/\/sophrologue-eft-lyon.com\/rire-et-zen-attitude\/wp-content\/uploads\/sites\/9\/2025\/07\/Logo-Asso-tres-petit-taille.jpg\",\"contentUrl\":\"https:\/\/sophrologue-eft-lyon.com\/rire-et-zen-attitude\/wp-content\/uploads\/sites\/9\/2025\/07\/Logo-Asso-tres-petit-taille.jpg\",\"width\":94,\"height\":140,\"caption\":\"adminsouad\"},\"logo\":{\"@id\":\"https:\/\/sophrologue-eft-lyon.com\/rire-et-zen-attitude\/#\/schema\/person\/image\/\"}}]}<\/script>\n<!-- \/ Yoast SEO plugin. -->","yoast_head_json":{"title":"Cours et stage Yoga du rire, Sophrologie,Cuisine Libanaise,Bijoux","description":"vous trouverez ici la description des cours et stages hebdo et mensuels sur cette page qui est mise \u00e0 jour r\u00e9guli\u00e8rement...","robots":{"index":"index","follow":"follow","max-snippet":"max-snippet:-1","max-image-preview":"max-image-preview:large","max-video-preview":"max-video-preview:-1"},"canonical":"https:\/\/sophrologue-eft-lyon.com\/rire-et-zen-attitude\/sophrologie-yoga-du-rire-cours-ateliers\/","og_locale":"fr_FR","og_type":"article","og_title":"Cours et stage Yoga du rire, Sophrologie,Cuisine Libanaise,Bijoux","og_description":"vous trouverez ici la description des cours et stages hebdo et mensuels sur cette page qui est mise \u00e0 jour r\u00e9guli\u00e8rement...","og_url":"https:\/\/sophrologue-eft-lyon.com\/rire-et-zen-attitude\/sophrologie-yoga-du-rire-cours-ateliers\/","og_site_name":"Rire et Zen attitude","article_modified_time":"2026-01-10T18:36:48+00:00","og_image":[{"width":1240,"height":1754,"url":"https:\/\/sophrologue-eft-lyon.com\/rire-et-zen-attitude\/wp-content\/uploads\/sites\/9\/2026\/01\/Prog.At_.-des-lundis-25-26-oser-se-pauser.jpg","type":"image\/jpeg"}],"twitter_card":"summary_large_image","twitter_misc":{"Dur\u00e9e de lecture estim\u00e9e":"3 minutes"},"schema":{"@context":"https:\/\/schema.org","@graph":[{"@type":"WebPage","@id":"https:\/\/sophrologue-eft-lyon.com\/rire-et-zen-attitude\/sophrologie-yoga-du-rire-cours-ateliers\/","url":"https:\/\/sophrologue-eft-lyon.com\/rire-et-zen-attitude\/sophrologie-yoga-du-rire-cours-ateliers\/","name":"Cours et stage Yoga du rire, Sophrologie,Cuisine Libanaise,Bijoux","isPartOf":{"@id":"https:\/\/sophrologue-eft-lyon.com\/rire-et-zen-attitude\/#website"},"primaryImageOfPage":{"@id":"https:\/\/sophrologue-eft-lyon.com\/rire-et-zen-attitude\/sophrologie-yoga-du-rire-cours-ateliers\/#primaryimage"},"image":{"@id":"https:\/\/sophrologue-eft-lyon.com\/rire-et-zen-attitude\/sophrologie-yoga-du-rire-cours-ateliers\/#primaryimage"},"thumbnailUrl":"https:\/\/sophrologue-eft-lyon.com\/rire-et-zen-attitude\/wp-content\/uploads\/sites\/9\/2026\/01\/Prog.At_.-des-lundis-25-26-oser-se-pauser-724x1024.jpg","datePublished":"2026-01-03T09:14:54+00:00","dateModified":"2026-01-10T18:36:48+00:00","description":"vous trouverez ici la description des cours et stages hebdo et mensuels sur cette page qui est mise \u00e0 jour r\u00e9guli\u00e8rement...","breadcrumb":{"@id":"https:\/\/sophrologue-eft-lyon.com\/rire-et-zen-attitude\/sophrologie-yoga-du-rire-cours-ateliers\/#breadcrumb"},"inLanguage":"fr-FR","potentialAction":[{"@type":"ReadAction","target":["https:\/\/sophrologue-eft-lyon.com\/rire-et-zen-attitude\/sophrologie-yoga-du-rire-cours-ateliers\/"]}]},{"@type":"ImageObject","inLanguage":"fr-FR","@id":"https:\/\/sophrologue-eft-lyon.com\/rire-et-zen-attitude\/sophrologie-yoga-du-rire-cours-ateliers\/#primaryimage","url":"https:\/\/sophrologue-eft-lyon.com\/rire-et-zen-attitude\/wp-content\/uploads\/sites\/9\/2026\/01\/Prog.At_.-des-lundis-25-26-oser-se-pauser.jpg","contentUrl":"https:\/\/sophrologue-eft-lyon.com\/rire-et-zen-attitude\/wp-content\/uploads\/sites\/9\/2026\/01\/Prog.At_.-des-lundis-25-26-oser-se-pauser.jpg","width":1240,"height":1754},{"@type":"BreadcrumbList","@id":"https:\/\/sophrologue-eft-lyon.com\/rire-et-zen-attitude\/sophrologie-yoga-du-rire-cours-ateliers\/#breadcrumb","itemListElement":[{"@type":"ListItem","position":1,"name":"Accueil","item":"https:\/\/sophrologue-eft-lyon.com\/rire-et-zen-attitude\/"},{"@type":"ListItem","position":2,"name":"Cours et Stages"}]},{"@type":"WebSite","@id":"https:\/\/sophrologue-eft-lyon.com\/rire-et-zen-attitude\/#website","url":"https:\/\/sophrologue-eft-lyon.com\/rire-et-zen-attitude\/","name":"Rire et Zen attitude","description":"Aller de l\u2019avant quotidiennement","publisher":{"@id":"https:\/\/sophrologue-eft-lyon.com\/rire-et-zen-attitude\/#\/schema\/person\/b5d6a3b9904aac61c6691dcb8565a296"},"potentialAction":[{"@type":"SearchAction","target":{"@type":"EntryPoint","urlTemplate":"https:\/\/sophrologue-eft-lyon.com\/rire-et-zen-attitude\/?s={search_term_string}"},"query-input":{"@type":"PropertyValueSpecification","valueRequired":true,"valueName":"search_term_string"}}],"inLanguage":"fr-FR"},{"@type":["Person","Organization"],"@id":"https:\/\/sophrologue-eft-lyon.com\/rire-et-zen-attitude\/#\/schema\/person\/b5d6a3b9904aac61c6691dcb8565a296","name":"adminsouad","image":{"@type":"ImageObject","inLanguage":"fr-FR","@id":"https:\/\/sophrologue-eft-lyon.com\/rire-et-zen-attitude\/#\/schema\/person\/image\/","url":"https:\/\/sophrologue-eft-lyon.com\/rire-et-zen-attitude\/wp-content\/uploads\/sites\/9\/2025\/07\/Logo-Asso-tres-petit-taille.jpg","contentUrl":"https:\/\/sophrologue-eft-lyon.com\/rire-et-zen-attitude\/wp-content\/uploads\/sites\/9\/2025\/07\/Logo-Asso-tres-petit-taille.jpg","width":94,"height":140,"caption":"adminsouad"},"logo":{"@id":"https:\/\/sophrologue-eft-lyon.com\/rire-et-zen-attitude\/#\/schema\/person\/image\/"}}]}},"_links":{"self":[{"href":"https:\/\/sophrologue-eft-lyon.com\/rire-et-zen-attitude\/wp-json\/wp\/v2\/pages\/8","targetHints":{"allow":["GET"]}}],"collection":[{"href":"https:\/\/sophrologue-eft-lyon.com\/rire-et-zen-attitude\/wp-json\/wp\/v2\/pages"}],"about":[{"href":"https:\/\/sophrologue-eft-lyon.com\/rire-et-zen-attitude\/wp-json\/wp\/v2\/types\/page"}],"author":[{"embeddable":true,"href":"https:\/\/sophrologue-eft-lyon.com\/rire-et-zen-attitude\/wp-json\/wp\/v2\/users\/2"}],"replies":[{"embeddable":true,"href":"https:\/\/sophrologue-eft-lyon.com\/rire-et-zen-attitude\/wp-json\/wp\/v2\/comments?post=8"}],"version-history":[{"count":110,"href":"https:\/\/sophrologue-eft-lyon.com\/rire-et-zen-attitude\/wp-json\/wp\/v2\/pages\/8\/revisions"}],"predecessor-version":[{"id":1511,"href":"https:\/\/sophrologue-eft-lyon.com\/rire-et-zen-attitude\/wp-json\/wp\/v2\/pages\/8\/revisions\/1511"}],"wp:attachment":[{"href":"https:\/\/sophrologue-eft-lyon.com\/rire-et-zen-attitude\/wp-json\/wp\/v2\/media?parent=8"}],"curies":[{"name":"wp","href":"https:\/\/api.w.org\/{rel}","templated":true}]}}