{"id":72,"date":"2025-01-05T11:08:20","date_gmt":"2025-01-05T10:08:20","guid":{"rendered":"https:\/\/sophrologue-eft-lyon.com\/rire-et-zen-attitude\/?page_id=72"},"modified":"2026-01-10T19:40:49","modified_gmt":"2026-01-10T18:40:49","slug":"sophrologie-ateliers-entreprise-troubles-psycho-sociaux","status":"publish","type":"page","link":"https:\/\/sophrologue-eft-lyon.com\/rire-et-zen-attitude\/sophrologie-ateliers-entreprise-troubles-psycho-sociaux\/","title":{"rendered":"Sophrologie"},"content":{"rendered":"<p>[vc_row][vc_column width=\u00a0\u00bb2\/3&Prime;][vc_column_text]<\/p>\n<blockquote>\n<h3>L\u2019Association <strong>Rire &amp; Zen\u2019Attitude <\/strong>assure des conf\u00e9rences, S\u00e9ances ou Ateliers de Sophrologie.<\/h3>\n<p>Un devis vous sera propos\u00e9 sur simple demande.<\/p><\/blockquote>\n<p>L\u2019Association a \u00e9t\u00e9 d\u00e9clar\u00e9e \u00e0 la Pr\u00e9fecture du Rh\u00f4ne.\u00a0 Elle peut \u00e9tablir des factures. Elle vous propose ainsi plusieurs formules, \u00e0 savoir:<\/p>\n<h4><strong>1\/ Pr\u00e9sentation de la Sophrologie avec S\u00e9ance pratique (1h &#8211; 1h30)<\/strong><\/h4>\n<ul>\n<li>Pr\u00e9sentation de la Sophrologie<\/li>\n<li>S\u00e9ance de Sophrologie et Partage<\/li>\n<\/ul>\n<h4><strong>2\/ Conf\u00e9rence avec S\u00e9ance de Sophrologie (1\/2 Journ\u00e9e: 3h &#8211; 3h30)<\/strong><\/h4>\n<ul>\n<li>Conf\u00e9rence sur un th\u00e8me (stress, sommeil, Relaxation,\u2026)<\/li>\n<li>Ce qu\u2019apporte la Sophrologie et S\u00e9ance pratique + Partage<\/li>\n<\/ul>\n<h4><strong>3\/ Conf\u00e9rence avec Ateliers de Sophrologie (Journ\u00e9e: 6h &#8211; 7h)<\/strong><\/h4>\n<ul>\n<li>Conf\u00e9rence sur un th\u00e8me choisi<\/li>\n<li>La Sophrologie, ce qu\u2019elle apporte, atelier + Partage<\/li>\n<li>2 ou 3 s\u00e9ances de Sophrologie + Partage et Evaluation de la journ\u00e9e<\/li>\n<\/ul>\n<p><span style=\"text-decoration: underline;\">Assur\u00e9s par Souad Cartellier \u2013 Sophrologue praticienne<\/span>[\/vc_column_text][\/vc_column][vc_column width=\u00a0\u00bb1\/3&Prime;][vc_single_image image=\u00a0\u00bb55&Prime; img_size=\u00a0\u00bbfull\u00a0\u00bb][\/vc_column][\/vc_row][vc_row][vc_column width=\u00a0\u00bb2\/3&Prime;][\/vc_column][vc_column width=\u00a0\u00bb1\/3&Prime;][\/vc_column][\/vc_row][vc_row][vc_column][vc_column_text]\u00a0[\/vc_column_text][\/vc_column][\/vc_row]<\/p>\n","protected":false},"excerpt":{"rendered":"<p>[vc_row][vc_column width=\u00a0\u00bb2\/3&Prime;][vc_column_text] L\u2019Association Rire &amp; Zen\u2019Attitude assure des conf\u00e9rences, S\u00e9ances ou Ateliers de Sophrologie. Un devis vous sera propos\u00e9 sur simple demande. L\u2019Association a \u00e9t\u00e9 d\u00e9clar\u00e9e \u00e0 la Pr\u00e9fecture du Rh\u00f4ne.\u00a0 Elle peut \u00e9tablir des factures. Elle vous propose ainsi plusieurs formules, \u00e0 savoir: 1\/ Pr\u00e9sentation de la Sophrologie avec S\u00e9ance pratique (1h &#8211; 1h30) [&hellip;]<\/p>\n","protected":false},"author":2,"featured_media":0,"parent":0,"menu_order":0,"comment_status":"closed","ping_status":"closed","template":"","meta":{"_et_pb_use_builder":"off","_et_pb_old_content":"","_et_gb_content_width":"","footnotes":""},"class_list":["post-72","page","type-page","status-publish","hentry"],"yoast_head":"<!-- This site is optimized with the Yoast SEO plugin v26.7 - https:\/\/yoast.com\/wordpress\/plugins\/seo\/ -->\n<title>Sophrologie en entreprise \u00e0 Lyon et autour, diverses possibilit\u00e9s<\/title>\n<meta name=\"description\" content=\"l&#039;association peut vous proposer la sophrologie en formes diverses: s\u00e9ances pratiques, conf\u00e9rences, atelier sur un th\u00e8me...\" \/>\n<meta name=\"robots\" content=\"index, follow, max-snippet:-1, max-image-preview:large, max-video-preview:-1\" \/>\n<link rel=\"canonical\" href=\"https:\/\/sophrologue-eft-lyon.com\/rire-et-zen-attitude\/sophrologie-ateliers-entreprise-troubles-psycho-sociaux\/\" \/>\n<meta property=\"og:locale\" content=\"fr_FR\" \/>\n<meta property=\"og:type\" content=\"article\" \/>\n<meta property=\"og:title\" content=\"Sophrologie en entreprise \u00e0 Lyon et autour, diverses possibilit\u00e9s\" \/>\n<meta property=\"og:description\" content=\"l&#039;association peut vous proposer la sophrologie en formes diverses: s\u00e9ances pratiques, conf\u00e9rences, atelier sur un th\u00e8me...\" \/>\n<meta property=\"og:url\" content=\"https:\/\/sophrologue-eft-lyon.com\/rire-et-zen-attitude\/sophrologie-ateliers-entreprise-troubles-psycho-sociaux\/\" \/>\n<meta property=\"og:site_name\" content=\"Rire et Zen attitude\" \/>\n<meta property=\"article:modified_time\" content=\"2026-01-10T18:40:49+00:00\" \/>\n<meta name=\"twitter:card\" content=\"summary_large_image\" \/>\n<meta name=\"twitter:label1\" content=\"Dur\u00e9e de lecture estim\u00e9e\" \/>\n\t<meta name=\"twitter:data1\" content=\"1 minute\" \/>\n<script type=\"application\/ld+json\" class=\"yoast-schema-graph\">{\"@context\":\"https:\/\/schema.org\",\"@graph\":[{\"@type\":\"WebPage\",\"@id\":\"https:\/\/sophrologue-eft-lyon.com\/rire-et-zen-attitude\/sophrologie-ateliers-entreprise-troubles-psycho-sociaux\/\",\"url\":\"https:\/\/sophrologue-eft-lyon.com\/rire-et-zen-attitude\/sophrologie-ateliers-entreprise-troubles-psycho-sociaux\/\",\"name\":\"Sophrologie en entreprise \u00e0 Lyon et autour, diverses possibilit\u00e9s\",\"isPartOf\":{\"@id\":\"https:\/\/sophrologue-eft-lyon.com\/rire-et-zen-attitude\/#website\"},\"datePublished\":\"2025-01-05T10:08:20+00:00\",\"dateModified\":\"2026-01-10T18:40:49+00:00\",\"description\":\"l'association peut vous proposer la sophrologie en formes diverses: s\u00e9ances pratiques, conf\u00e9rences, atelier sur un th\u00e8me...\",\"breadcrumb\":{\"@id\":\"https:\/\/sophrologue-eft-lyon.com\/rire-et-zen-attitude\/sophrologie-ateliers-entreprise-troubles-psycho-sociaux\/#breadcrumb\"},\"inLanguage\":\"fr-FR\",\"potentialAction\":[{\"@type\":\"ReadAction\",\"target\":[\"https:\/\/sophrologue-eft-lyon.com\/rire-et-zen-attitude\/sophrologie-ateliers-entreprise-troubles-psycho-sociaux\/\"]}]},{\"@type\":\"BreadcrumbList\",\"@id\":\"https:\/\/sophrologue-eft-lyon.com\/rire-et-zen-attitude\/sophrologie-ateliers-entreprise-troubles-psycho-sociaux\/#breadcrumb\",\"itemListElement\":[{\"@type\":\"ListItem\",\"position\":1,\"name\":\"Accueil\",\"item\":\"https:\/\/sophrologue-eft-lyon.com\/rire-et-zen-attitude\/\"},{\"@type\":\"ListItem\",\"position\":2,\"name\":\"Sophrologie\"}]},{\"@type\":\"WebSite\",\"@id\":\"https:\/\/sophrologue-eft-lyon.com\/rire-et-zen-attitude\/#website\",\"url\":\"https:\/\/sophrologue-eft-lyon.com\/rire-et-zen-attitude\/\",\"name\":\"Rire et Zen attitude\",\"description\":\"Aller de l\u2019avant quotidiennement\",\"publisher\":{\"@id\":\"https:\/\/sophrologue-eft-lyon.com\/rire-et-zen-attitude\/#\/schema\/person\/b5d6a3b9904aac61c6691dcb8565a296\"},\"potentialAction\":[{\"@type\":\"SearchAction\",\"target\":{\"@type\":\"EntryPoint\",\"urlTemplate\":\"https:\/\/sophrologue-eft-lyon.com\/rire-et-zen-attitude\/?s={search_term_string}\"},\"query-input\":{\"@type\":\"PropertyValueSpecification\",\"valueRequired\":true,\"valueName\":\"search_term_string\"}}],\"inLanguage\":\"fr-FR\"},{\"@type\":[\"Person\",\"Organization\"],\"@id\":\"https:\/\/sophrologue-eft-lyon.com\/rire-et-zen-attitude\/#\/schema\/person\/b5d6a3b9904aac61c6691dcb8565a296\",\"name\":\"adminsouad\",\"image\":{\"@type\":\"ImageObject\",\"inLanguage\":\"fr-FR\",\"@id\":\"https:\/\/sophrologue-eft-lyon.com\/rire-et-zen-attitude\/#\/schema\/person\/image\/\",\"url\":\"https:\/\/sophrologue-eft-lyon.com\/rire-et-zen-attitude\/wp-content\/uploads\/sites\/9\/2025\/07\/Logo-Asso-tres-petit-taille.jpg\",\"contentUrl\":\"https:\/\/sophrologue-eft-lyon.com\/rire-et-zen-attitude\/wp-content\/uploads\/sites\/9\/2025\/07\/Logo-Asso-tres-petit-taille.jpg\",\"width\":94,\"height\":140,\"caption\":\"adminsouad\"},\"logo\":{\"@id\":\"https:\/\/sophrologue-eft-lyon.com\/rire-et-zen-attitude\/#\/schema\/person\/image\/\"}}]}<\/script>\n<!-- \/ Yoast SEO plugin. -->","yoast_head_json":{"title":"Sophrologie en entreprise \u00e0 Lyon et autour, diverses possibilit\u00e9s","description":"l'association peut vous proposer la sophrologie en formes diverses: s\u00e9ances pratiques, conf\u00e9rences, atelier sur un th\u00e8me...","robots":{"index":"index","follow":"follow","max-snippet":"max-snippet:-1","max-image-preview":"max-image-preview:large","max-video-preview":"max-video-preview:-1"},"canonical":"https:\/\/sophrologue-eft-lyon.com\/rire-et-zen-attitude\/sophrologie-ateliers-entreprise-troubles-psycho-sociaux\/","og_locale":"fr_FR","og_type":"article","og_title":"Sophrologie en entreprise \u00e0 Lyon et autour, diverses possibilit\u00e9s","og_description":"l'association peut vous proposer la sophrologie en formes diverses: s\u00e9ances pratiques, conf\u00e9rences, atelier sur un th\u00e8me...","og_url":"https:\/\/sophrologue-eft-lyon.com\/rire-et-zen-attitude\/sophrologie-ateliers-entreprise-troubles-psycho-sociaux\/","og_site_name":"Rire et Zen attitude","article_modified_time":"2026-01-10T18:40:49+00:00","twitter_card":"summary_large_image","twitter_misc":{"Dur\u00e9e de lecture estim\u00e9e":"1 minute"},"schema":{"@context":"https:\/\/schema.org","@graph":[{"@type":"WebPage","@id":"https:\/\/sophrologue-eft-lyon.com\/rire-et-zen-attitude\/sophrologie-ateliers-entreprise-troubles-psycho-sociaux\/","url":"https:\/\/sophrologue-eft-lyon.com\/rire-et-zen-attitude\/sophrologie-ateliers-entreprise-troubles-psycho-sociaux\/","name":"Sophrologie en entreprise \u00e0 Lyon et autour, diverses possibilit\u00e9s","isPartOf":{"@id":"https:\/\/sophrologue-eft-lyon.com\/rire-et-zen-attitude\/#website"},"datePublished":"2025-01-05T10:08:20+00:00","dateModified":"2026-01-10T18:40:49+00:00","description":"l'association peut vous proposer la sophrologie en formes diverses: s\u00e9ances pratiques, conf\u00e9rences, atelier sur un th\u00e8me...","breadcrumb":{"@id":"https:\/\/sophrologue-eft-lyon.com\/rire-et-zen-attitude\/sophrologie-ateliers-entreprise-troubles-psycho-sociaux\/#breadcrumb"},"inLanguage":"fr-FR","potentialAction":[{"@type":"ReadAction","target":["https:\/\/sophrologue-eft-lyon.com\/rire-et-zen-attitude\/sophrologie-ateliers-entreprise-troubles-psycho-sociaux\/"]}]},{"@type":"BreadcrumbList","@id":"https:\/\/sophrologue-eft-lyon.com\/rire-et-zen-attitude\/sophrologie-ateliers-entreprise-troubles-psycho-sociaux\/#breadcrumb","itemListElement":[{"@type":"ListItem","position":1,"name":"Accueil","item":"https:\/\/sophrologue-eft-lyon.com\/rire-et-zen-attitude\/"},{"@type":"ListItem","position":2,"name":"Sophrologie"}]},{"@type":"WebSite","@id":"https:\/\/sophrologue-eft-lyon.com\/rire-et-zen-attitude\/#website","url":"https:\/\/sophrologue-eft-lyon.com\/rire-et-zen-attitude\/","name":"Rire et Zen attitude","description":"Aller de l\u2019avant quotidiennement","publisher":{"@id":"https:\/\/sophrologue-eft-lyon.com\/rire-et-zen-attitude\/#\/schema\/person\/b5d6a3b9904aac61c6691dcb8565a296"},"potentialAction":[{"@type":"SearchAction","target":{"@type":"EntryPoint","urlTemplate":"https:\/\/sophrologue-eft-lyon.com\/rire-et-zen-attitude\/?s={search_term_string}"},"query-input":{"@type":"PropertyValueSpecification","valueRequired":true,"valueName":"search_term_string"}}],"inLanguage":"fr-FR"},{"@type":["Person","Organization"],"@id":"https:\/\/sophrologue-eft-lyon.com\/rire-et-zen-attitude\/#\/schema\/person\/b5d6a3b9904aac61c6691dcb8565a296","name":"adminsouad","image":{"@type":"ImageObject","inLanguage":"fr-FR","@id":"https:\/\/sophrologue-eft-lyon.com\/rire-et-zen-attitude\/#\/schema\/person\/image\/","url":"https:\/\/sophrologue-eft-lyon.com\/rire-et-zen-attitude\/wp-content\/uploads\/sites\/9\/2025\/07\/Logo-Asso-tres-petit-taille.jpg","contentUrl":"https:\/\/sophrologue-eft-lyon.com\/rire-et-zen-attitude\/wp-content\/uploads\/sites\/9\/2025\/07\/Logo-Asso-tres-petit-taille.jpg","width":94,"height":140,"caption":"adminsouad"},"logo":{"@id":"https:\/\/sophrologue-eft-lyon.com\/rire-et-zen-attitude\/#\/schema\/person\/image\/"}}]}},"_links":{"self":[{"href":"https:\/\/sophrologue-eft-lyon.com\/rire-et-zen-attitude\/wp-json\/wp\/v2\/pages\/72","targetHints":{"allow":["GET"]}}],"collection":[{"href":"https:\/\/sophrologue-eft-lyon.com\/rire-et-zen-attitude\/wp-json\/wp\/v2\/pages"}],"about":[{"href":"https:\/\/sophrologue-eft-lyon.com\/rire-et-zen-attitude\/wp-json\/wp\/v2\/types\/page"}],"author":[{"embeddable":true,"href":"https:\/\/sophrologue-eft-lyon.com\/rire-et-zen-attitude\/wp-json\/wp\/v2\/users\/2"}],"replies":[{"embeddable":true,"href":"https:\/\/sophrologue-eft-lyon.com\/rire-et-zen-attitude\/wp-json\/wp\/v2\/comments?post=72"}],"version-history":[{"count":19,"href":"https:\/\/sophrologue-eft-lyon.com\/rire-et-zen-attitude\/wp-json\/wp\/v2\/pages\/72\/revisions"}],"predecessor-version":[{"id":1056,"href":"https:\/\/sophrologue-eft-lyon.com\/rire-et-zen-attitude\/wp-json\/wp\/v2\/pages\/72\/revisions\/1056"}],"wp:attachment":[{"href":"https:\/\/sophrologue-eft-lyon.com\/rire-et-zen-attitude\/wp-json\/wp\/v2\/media?parent=72"}],"curies":[{"name":"wp","href":"https:\/\/api.w.org\/{rel}","templated":true}]}}