{"id":34,"date":"2025-01-05T11:34:11","date_gmt":"2025-01-05T10:34:11","guid":{"rendered":"https:\/\/sophrologue-eft-lyon.com\/rire-et-zen-attitude\/?page_id=34"},"modified":"2026-01-10T19:28:40","modified_gmt":"2026-01-10T18:28:40","slug":"contact-informez-vous","status":"publish","type":"page","link":"https:\/\/sophrologue-eft-lyon.com\/rire-et-zen-attitude\/contact-informez-vous\/","title":{"rendered":"Contact"},"content":{"rendered":"[vc_row][vc_column width=\u00a0\u00bb1\/2&Prime;][vc_column_text]\r\n\r\n\r\n<blockquote>\r\n<h2>Rire et Zen&rsquo;Attitude<\/h2>\r\n<h6>\u00a0Rue Denuziere (ad.postale) et 7 rue d&rsquo;Enghien (lieu des cours) &#8211; 69002 Lyon, France<\/h6>\r\n<h6><i class=\"fas fa-phone-square\"><\/i> <strong><a title=\"mobile\" href=\"tel:+33633072829\">06.33.07.28.29<\/a><\/strong><\/h6>\r\n<h6><i class=\"fas fa-envelope-square\"><\/i><strong><a href=\"mailto:contactrireetzenattitude@gmail.com\">contactrireetzenattitude@gmail.com<\/a><\/strong><\/h6>\r\n<\/blockquote>\r\n[\/vc_column_text][\/vc_column][vc_column width=\u00a0\u00bb1\/2&Prime;][vc_column_text]\r\n<h2>Vous \u00eates int\u00e9ress\u00e9s par un module, un stage? Vous voulez vous renseigner?<\/h2>\r\n<h4><strong>\u00a0Contactez-nous en laissant l&rsquo;objet de votre demande et vos coordonn\u00e9es.\u00a0<\/strong><\/h4>\r\n\n<div class=\"wpcf7 no-js\" id=\"wpcf7-f102-o1\" lang=\"fr-FR\" dir=\"ltr\" data-wpcf7-id=\"102\">\n<div class=\"screen-reader-response\"><p role=\"status\" aria-live=\"polite\" aria-atomic=\"true\"><\/p> <ul><\/ul><\/div>\n<form action=\"\/rire-et-zen-attitude\/wp-json\/wp\/v2\/pages\/34#wpcf7-f102-o1\" method=\"post\" class=\"wpcf7-form init\" aria-label=\"Formulaire de contact\" novalidate=\"novalidate\" data-status=\"init\">\n<fieldset class=\"hidden-fields-container\"><input type=\"hidden\" name=\"_wpcf7\" value=\"102\" \/><input type=\"hidden\" name=\"_wpcf7_version\" value=\"6.1.4\" \/><input type=\"hidden\" name=\"_wpcf7_locale\" value=\"fr_FR\" \/><input type=\"hidden\" name=\"_wpcf7_unit_tag\" value=\"wpcf7-f102-o1\" \/><input type=\"hidden\" name=\"_wpcf7_container_post\" value=\"0\" \/><input type=\"hidden\" name=\"_wpcf7_posted_data_hash\" value=\"\" \/>\n<\/fieldset>\n<p><label> Votre nom (obligatoire)<br \/>\n<span class=\"wpcf7-form-control-wrap\" data-name=\"your-name\"><input size=\"40\" maxlength=\"400\" class=\"wpcf7-form-control wpcf7-text wpcf7-validates-as-required\" aria-required=\"true\" aria-invalid=\"false\" value=\"\" type=\"text\" name=\"your-name\" \/><\/span> <\/label>\n<\/p>\n<p><label> Votre adresse de messagerie (obligatoire)<br \/>\n<span class=\"wpcf7-form-control-wrap\" data-name=\"your-email\"><input size=\"40\" maxlength=\"400\" class=\"wpcf7-form-control wpcf7-email wpcf7-validates-as-required wpcf7-text wpcf7-validates-as-email\" aria-required=\"true\" aria-invalid=\"false\" value=\"\" type=\"email\" name=\"your-email\" \/><\/span> <\/label>\n<\/p>\n<p><label> Votre t\u00e9l\u00e9phone<br \/>\n<span class=\"wpcf7-form-control-wrap\" data-name=\"tel-52\"><input size=\"40\" maxlength=\"400\" class=\"wpcf7-form-control wpcf7-tel wpcf7-text wpcf7-validates-as-tel\" aria-invalid=\"false\" value=\"\" type=\"tel\" name=\"tel-52\" \/><\/span><\/label>\n<\/p>\n<p><label> Sujet :<br \/>\n<span class=\"wpcf7-form-control-wrap\" data-name=\"Sujet\"><select class=\"wpcf7-form-control wpcf7-select wpcf7-validates-as-required\" aria-required=\"true\" aria-invalid=\"false\" name=\"Sujet\"><option value=\"Cours\">Cours<\/option><option value=\"Stages\">Stages<\/option><option value=\"Conf\u00e9rences\">Conf\u00e9rences<\/option><option value=\"Newsletter\">Newsletter<\/option><\/select><\/span><\/label>\n<\/p>\n<p><label> <span class=\"wpcf7-form-control-wrap\" data-name=\"acceptance-828\"><span class=\"wpcf7-form-control wpcf7-acceptance\"><span class=\"wpcf7-list-item\"><label><input type=\"checkbox\" name=\"acceptance-828\" value=\"1\" aria-invalid=\"false\" \/><span class=\"wpcf7-list-item-label\">j'ai bien pris connaissance de la politique d e confidentialit\u00e9<\/span><\/label><\/span><\/span><\/span><\/label>\n<\/p>\n<p><input class=\"wpcf7-form-control wpcf7-submit has-spinner\" type=\"submit\" value=\"Envoyer\" \/>\n<\/p><div class=\"wpcf7-response-output\" aria-hidden=\"true\"><\/div>\n<\/form>\n<\/div>\n[\/vc_column_text][\/vc_column][\/vc_row]<!-- \/wp:post-content -->","protected":false},"excerpt":{"rendered":"<p>[vc_row][vc_column width=\u00a0\u00bb1\/2&Prime;][vc_column_text] Rire et Zen&rsquo;Attitude \u00a0Rue Denuziere (ad.postale) et 7 rue d&rsquo;Enghien (lieu des cours) &#8211; 69002 Lyon, France 06.33.07.28.29 contactrireetzenattitude@gmail.com [\/vc_column_text][\/vc_column][vc_column width=\u00a0\u00bb1\/2&Prime;][vc_column_text] Vous \u00eates int\u00e9ress\u00e9s par un module, un stage? Vous voulez vous renseigner? \u00a0Contactez-nous en laissant l&rsquo;objet de votre demande et vos coordonn\u00e9es.\u00a0 [\/vc_column_text][\/vc_column][\/vc_row]<\/p>\n","protected":false},"author":2,"featured_media":0,"parent":0,"menu_order":0,"comment_status":"closed","ping_status":"closed","template":"","meta":{"_et_pb_use_builder":"off","_et_pb_old_content":"","_et_gb_content_width":"","footnotes":""},"class_list":["post-34","page","type-page","status-publish","hentry"],"yoast_head":"<!-- This site is optimized with the Yoast SEO plugin v26.7 - https:\/\/yoast.com\/wordpress\/plugins\/seo\/ -->\n<title>Besoin d&#039;informations, de renseignement sur nos propositions?<\/title>\n<meta name=\"description\" content=\"N&#039;h\u00e9sitez pas \u00e0 nous contactez, rire, se relaxer et se d\u00e9tendre \u00e0 Lyon est possible en individuel, en entreprise ou en salle\" \/>\n<meta name=\"robots\" content=\"index, follow, max-snippet:-1, max-image-preview:large, max-video-preview:-1\" \/>\n<link rel=\"canonical\" href=\"https:\/\/sophrologue-eft-lyon.com\/rire-et-zen-attitude\/contact-informez-vous\/\" \/>\n<meta property=\"og:locale\" content=\"fr_FR\" \/>\n<meta property=\"og:type\" content=\"article\" \/>\n<meta property=\"og:title\" content=\"Besoin d&#039;informations, de renseignement sur nos propositions?\" \/>\n<meta property=\"og:description\" content=\"N&#039;h\u00e9sitez pas \u00e0 nous contactez, rire, se relaxer et se d\u00e9tendre \u00e0 Lyon est possible en individuel, en entreprise ou en salle\" \/>\n<meta property=\"og:url\" content=\"https:\/\/sophrologue-eft-lyon.com\/rire-et-zen-attitude\/contact-informez-vous\/\" \/>\n<meta property=\"og:site_name\" content=\"Rire et Zen attitude\" \/>\n<meta property=\"article:modified_time\" content=\"2026-01-10T18:28:40+00:00\" \/>\n<meta name=\"twitter:card\" content=\"summary_large_image\" \/>\n<meta name=\"twitter:label1\" content=\"Dur\u00e9e de lecture estim\u00e9e\" \/>\n\t<meta name=\"twitter:data1\" content=\"1 minute\" \/>\n<script type=\"application\/ld+json\" class=\"yoast-schema-graph\">{\"@context\":\"https:\/\/schema.org\",\"@graph\":[{\"@type\":\"WebPage\",\"@id\":\"https:\/\/sophrologue-eft-lyon.com\/rire-et-zen-attitude\/contact-informez-vous\/\",\"url\":\"https:\/\/sophrologue-eft-lyon.com\/rire-et-zen-attitude\/contact-informez-vous\/\",\"name\":\"Besoin d'informations, de renseignement sur nos propositions?\",\"isPartOf\":{\"@id\":\"https:\/\/sophrologue-eft-lyon.com\/rire-et-zen-attitude\/#website\"},\"datePublished\":\"2025-01-05T10:34:11+00:00\",\"dateModified\":\"2026-01-10T18:28:40+00:00\",\"description\":\"N'h\u00e9sitez pas \u00e0 nous contactez, rire, se relaxer et se d\u00e9tendre \u00e0 Lyon est possible en individuel, en entreprise ou en salle\",\"breadcrumb\":{\"@id\":\"https:\/\/sophrologue-eft-lyon.com\/rire-et-zen-attitude\/contact-informez-vous\/#breadcrumb\"},\"inLanguage\":\"fr-FR\",\"potentialAction\":[{\"@type\":\"ReadAction\",\"target\":[\"https:\/\/sophrologue-eft-lyon.com\/rire-et-zen-attitude\/contact-informez-vous\/\"]}]},{\"@type\":\"BreadcrumbList\",\"@id\":\"https:\/\/sophrologue-eft-lyon.com\/rire-et-zen-attitude\/contact-informez-vous\/#breadcrumb\",\"itemListElement\":[{\"@type\":\"ListItem\",\"position\":1,\"name\":\"Accueil\",\"item\":\"https:\/\/sophrologue-eft-lyon.com\/rire-et-zen-attitude\/\"},{\"@type\":\"ListItem\",\"position\":2,\"name\":\"Contact\"}]},{\"@type\":\"WebSite\",\"@id\":\"https:\/\/sophrologue-eft-lyon.com\/rire-et-zen-attitude\/#website\",\"url\":\"https:\/\/sophrologue-eft-lyon.com\/rire-et-zen-attitude\/\",\"name\":\"Rire et Zen attitude\",\"description\":\"Aller de l\u2019avant quotidiennement\",\"publisher\":{\"@id\":\"https:\/\/sophrologue-eft-lyon.com\/rire-et-zen-attitude\/#\/schema\/person\/b5d6a3b9904aac61c6691dcb8565a296\"},\"potentialAction\":[{\"@type\":\"SearchAction\",\"target\":{\"@type\":\"EntryPoint\",\"urlTemplate\":\"https:\/\/sophrologue-eft-lyon.com\/rire-et-zen-attitude\/?s={search_term_string}\"},\"query-input\":{\"@type\":\"PropertyValueSpecification\",\"valueRequired\":true,\"valueName\":\"search_term_string\"}}],\"inLanguage\":\"fr-FR\"},{\"@type\":[\"Person\",\"Organization\"],\"@id\":\"https:\/\/sophrologue-eft-lyon.com\/rire-et-zen-attitude\/#\/schema\/person\/b5d6a3b9904aac61c6691dcb8565a296\",\"name\":\"adminsouad\",\"image\":{\"@type\":\"ImageObject\",\"inLanguage\":\"fr-FR\",\"@id\":\"https:\/\/sophrologue-eft-lyon.com\/rire-et-zen-attitude\/#\/schema\/person\/image\/\",\"url\":\"https:\/\/sophrologue-eft-lyon.com\/rire-et-zen-attitude\/wp-content\/uploads\/sites\/9\/2025\/07\/Logo-Asso-tres-petit-taille.jpg\",\"contentUrl\":\"https:\/\/sophrologue-eft-lyon.com\/rire-et-zen-attitude\/wp-content\/uploads\/sites\/9\/2025\/07\/Logo-Asso-tres-petit-taille.jpg\",\"width\":94,\"height\":140,\"caption\":\"adminsouad\"},\"logo\":{\"@id\":\"https:\/\/sophrologue-eft-lyon.com\/rire-et-zen-attitude\/#\/schema\/person\/image\/\"}}]}<\/script>\n<!-- \/ Yoast SEO plugin. -->","yoast_head_json":{"title":"Besoin d'informations, de renseignement sur nos propositions?","description":"N'h\u00e9sitez pas \u00e0 nous contactez, rire, se relaxer et se d\u00e9tendre \u00e0 Lyon est possible en individuel, en entreprise ou en salle","robots":{"index":"index","follow":"follow","max-snippet":"max-snippet:-1","max-image-preview":"max-image-preview:large","max-video-preview":"max-video-preview:-1"},"canonical":"https:\/\/sophrologue-eft-lyon.com\/rire-et-zen-attitude\/contact-informez-vous\/","og_locale":"fr_FR","og_type":"article","og_title":"Besoin d'informations, de renseignement sur nos propositions?","og_description":"N'h\u00e9sitez pas \u00e0 nous contactez, rire, se relaxer et se d\u00e9tendre \u00e0 Lyon est possible en individuel, en entreprise ou en salle","og_url":"https:\/\/sophrologue-eft-lyon.com\/rire-et-zen-attitude\/contact-informez-vous\/","og_site_name":"Rire et Zen attitude","article_modified_time":"2026-01-10T18:28:40+00:00","twitter_card":"summary_large_image","twitter_misc":{"Dur\u00e9e de lecture estim\u00e9e":"1 minute"},"schema":{"@context":"https:\/\/schema.org","@graph":[{"@type":"WebPage","@id":"https:\/\/sophrologue-eft-lyon.com\/rire-et-zen-attitude\/contact-informez-vous\/","url":"https:\/\/sophrologue-eft-lyon.com\/rire-et-zen-attitude\/contact-informez-vous\/","name":"Besoin d'informations, de renseignement sur nos propositions?","isPartOf":{"@id":"https:\/\/sophrologue-eft-lyon.com\/rire-et-zen-attitude\/#website"},"datePublished":"2025-01-05T10:34:11+00:00","dateModified":"2026-01-10T18:28:40+00:00","description":"N'h\u00e9sitez pas \u00e0 nous contactez, rire, se relaxer et se d\u00e9tendre \u00e0 Lyon est possible en individuel, en entreprise ou en salle","breadcrumb":{"@id":"https:\/\/sophrologue-eft-lyon.com\/rire-et-zen-attitude\/contact-informez-vous\/#breadcrumb"},"inLanguage":"fr-FR","potentialAction":[{"@type":"ReadAction","target":["https:\/\/sophrologue-eft-lyon.com\/rire-et-zen-attitude\/contact-informez-vous\/"]}]},{"@type":"BreadcrumbList","@id":"https:\/\/sophrologue-eft-lyon.com\/rire-et-zen-attitude\/contact-informez-vous\/#breadcrumb","itemListElement":[{"@type":"ListItem","position":1,"name":"Accueil","item":"https:\/\/sophrologue-eft-lyon.com\/rire-et-zen-attitude\/"},{"@type":"ListItem","position":2,"name":"Contact"}]},{"@type":"WebSite","@id":"https:\/\/sophrologue-eft-lyon.com\/rire-et-zen-attitude\/#website","url":"https:\/\/sophrologue-eft-lyon.com\/rire-et-zen-attitude\/","name":"Rire et Zen attitude","description":"Aller de l\u2019avant quotidiennement","publisher":{"@id":"https:\/\/sophrologue-eft-lyon.com\/rire-et-zen-attitude\/#\/schema\/person\/b5d6a3b9904aac61c6691dcb8565a296"},"potentialAction":[{"@type":"SearchAction","target":{"@type":"EntryPoint","urlTemplate":"https:\/\/sophrologue-eft-lyon.com\/rire-et-zen-attitude\/?s={search_term_string}"},"query-input":{"@type":"PropertyValueSpecification","valueRequired":true,"valueName":"search_term_string"}}],"inLanguage":"fr-FR"},{"@type":["Person","Organization"],"@id":"https:\/\/sophrologue-eft-lyon.com\/rire-et-zen-attitude\/#\/schema\/person\/b5d6a3b9904aac61c6691dcb8565a296","name":"adminsouad","image":{"@type":"ImageObject","inLanguage":"fr-FR","@id":"https:\/\/sophrologue-eft-lyon.com\/rire-et-zen-attitude\/#\/schema\/person\/image\/","url":"https:\/\/sophrologue-eft-lyon.com\/rire-et-zen-attitude\/wp-content\/uploads\/sites\/9\/2025\/07\/Logo-Asso-tres-petit-taille.jpg","contentUrl":"https:\/\/sophrologue-eft-lyon.com\/rire-et-zen-attitude\/wp-content\/uploads\/sites\/9\/2025\/07\/Logo-Asso-tres-petit-taille.jpg","width":94,"height":140,"caption":"adminsouad"},"logo":{"@id":"https:\/\/sophrologue-eft-lyon.com\/rire-et-zen-attitude\/#\/schema\/person\/image\/"}}]}},"_links":{"self":[{"href":"https:\/\/sophrologue-eft-lyon.com\/rire-et-zen-attitude\/wp-json\/wp\/v2\/pages\/34","targetHints":{"allow":["GET"]}}],"collection":[{"href":"https:\/\/sophrologue-eft-lyon.com\/rire-et-zen-attitude\/wp-json\/wp\/v2\/pages"}],"about":[{"href":"https:\/\/sophrologue-eft-lyon.com\/rire-et-zen-attitude\/wp-json\/wp\/v2\/types\/page"}],"author":[{"embeddable":true,"href":"https:\/\/sophrologue-eft-lyon.com\/rire-et-zen-attitude\/wp-json\/wp\/v2\/users\/2"}],"replies":[{"embeddable":true,"href":"https:\/\/sophrologue-eft-lyon.com\/rire-et-zen-attitude\/wp-json\/wp\/v2\/comments?post=34"}],"version-history":[{"count":27,"href":"https:\/\/sophrologue-eft-lyon.com\/rire-et-zen-attitude\/wp-json\/wp\/v2\/pages\/34\/revisions"}],"predecessor-version":[{"id":1377,"href":"https:\/\/sophrologue-eft-lyon.com\/rire-et-zen-attitude\/wp-json\/wp\/v2\/pages\/34\/revisions\/1377"}],"wp:attachment":[{"href":"https:\/\/sophrologue-eft-lyon.com\/rire-et-zen-attitude\/wp-json\/wp\/v2\/media?parent=34"}],"curies":[{"name":"wp","href":"https:\/\/api.w.org\/{rel}","templated":true}]}}