{"id":25,"date":"2025-01-05T13:00:01","date_gmt":"2025-01-05T12:00:01","guid":{"rendered":"https:\/\/sophrologue-eft-lyon.com\/rire-et-zen-attitude\/?page_id=25"},"modified":"2026-01-10T19:43:23","modified_gmt":"2026-01-10T18:43:23","slug":"yoga-rire-tarifs-et-programme-saison-2024-2025-black-friday","status":"publish","type":"page","link":"https:\/\/sophrologue-eft-lyon.com\/rire-et-zen-attitude\/yoga-rire-tarifs-et-programme-saison-2024-2025-black-friday\/","title":{"rendered":"Tarifs et Programme"},"content":{"rendered":"<p>[vc_row][vc_column width=\u00a0\u00bb2\/3&Prime;][vc_column_text]<\/p>\r\n<h2><span style=\"text-decoration: underline;\">Adh\u00e9sion:<\/span><\/h2>\r\n<ul>\r\n<li>Adh\u00e9sion <strong>10\u20ac; 15\u20ac; 20\u20ac; 5\u20ac<\/strong> (tarif sp\u00e9cial)*\u00a0 \u00a0 \u00a0\u00a0<br \/><br \/><\/li>\r\n<li>S\u00e9ance d\u00e9couverte<strong> 5\u20ac<\/strong> en septembre et <strong>15\u20ac<\/strong> \u00e0 partir d&rsquo;octobre (elle sera<strong> d\u00e9duite<\/strong> du co\u00fbt de l\u2019activit\u00e9 en cas de confirmation pour forfait annuel).<\/li>\r\n<\/ul>\r\n<p>\r\n\r\n\u00a0 \u00a0 \u00a0 \u00a0 \u00a0=&gt; <strong>Certificat M\u00e9dical<\/strong> Obligatoire pour le Yoga du Rire, \u00e0 partir de la 2e s\u00e9ance.<\/p>\r\n\r\n<h2><span style=\"text-decoration: underline;\">Tarifs Cours Hebdomadaire en groupe (50min \u00e0 1h15):<\/span><\/h2>\r\n<h6>\u00a0<\/h6>\r\n<h3><strong>Yoga du Rire\u00a0 ou Sophrologie<\/strong><\/h3>\r\n<p><strong>La s\u00e9ance d\u00e9couverte \u00e0 partir d&rsquo;octobre\u00a0 15\u20ac\u00a0\u00a0\u00a0\u00a0\u00a0<\/strong><\/p>\r\n<p><!-- \/wp:post-content --><!-- \/wp:paragraph --><\/p>\r\n<p>Forfait<strong> (17 S\u00e9ances)<\/strong><strong>\u00a0 \u00a0 \u00a0 \u00a0 \u00a0 \u00a0 \u00a0 \u00a0 \u00a0 \u00a0160\u20ac + 10\u20ac\u00a0<\/strong><\/p>\r\n<p>Forfait<strong> annuel (32 S\u00e9ances)\u00a0 \u00a0 \u00a0 240\u20ac + 10\u20ac\u00a0<\/strong><\/p>\r\n<p><img loading=\"lazy\" decoding=\"async\" class=\"alignnone  wp-image-1501\" src=\"https:\/\/sophrologue-eft-lyon.com\/rire-et-zen-attitude\/wp-content\/uploads\/sites\/9\/2025\/11\/Black-Friday-25-1-1024x933-1.jpg\" alt=\"\" width=\"400\" height=\"364\" \/><\/p>\r\n<p><strong>\u00a0N.B<\/strong>: Vous pouvez d\u00e9s maintenant <strong>adh\u00e9rer<\/strong> \u00e0 l\u2019association et vous<strong> inscrire aux cours<\/strong> sur le <strong>site HelloAsso<\/strong> en tapant <strong>Rire et Zen\u2019Attitude <\/strong>ou en <strong>flashant sur les QR code<\/strong>.\u00a0<\/p>\r\n<p><span class=\"two\"><img loading=\"lazy\" decoding=\"async\" class=\"alignnone wp-image-1089 \" src=\"https:\/\/sophrologue-eft-lyon.com\/rire-et-zen-attitude\/wp-content\/uploads\/sites\/9\/2023\/07\/qrcode.png\" alt=\"\" width=\"129\" height=\"129\" \/>\u00a0 \u00a0 <img loading=\"lazy\" decoding=\"async\" class=\"alignnone  wp-image-1091\" src=\"https:\/\/sophrologue-eft-lyon.com\/rire-et-zen-attitude\/wp-content\/uploads\/sites\/9\/2023\/07\/qrcode-2.png\" alt=\"\" width=\"131\" height=\"131\" \/>\u00a0 \u00a0 \u00a0 <img loading=\"lazy\" decoding=\"async\" class=\"alignnone  wp-image-1090\" src=\"https:\/\/sophrologue-eft-lyon.com\/rire-et-zen-attitude\/wp-content\/uploads\/sites\/9\/2023\/07\/qrcode-1.png\" alt=\"\" width=\"131\" height=\"131\" \/><\/span><\/p>\r\n<p>&nbsp;<\/p>\r\n<p><span class=\"two\">Les<strong> inscriptions <\/strong><\/span><span class=\"two\">sur <strong>les lieux des cours <\/strong><\/span><span class=\"two\">commencent le <strong>15 septembre 2025<\/strong>\u00a0et <\/span><span class=\"two\">peuvent \u00eatre prises \u00e0 tout moment de l\u2019ann\u00e9e.\u00a0 <\/span>&#8211; Profitez de l&rsquo;offre de lancement de l&rsquo;ann\u00e9e: <strong>5%<\/strong> pour les <strong>5<\/strong> <strong>premiers inscrits et ceux qui s&rsquo;inscrivent pendant les portes ouvertes <\/strong>en forfait annuel et <strong>15%<\/strong> sur le <strong>deuxi\u00e8me cours annuel<\/strong> souscrit.\u00a0 \u00a0 \u00a0 \u00a0 \u00a0 &#8211; Vous avez aussi la possibilit\u00e9 d\u2019offrir des<strong> bons cadeaux.<\/strong><\/p>\r\n<p><!-- \/wp:paragraph -->[\/vc_column_text][\/vc_column][vc_column width=\u00a0\u00bb1\/3&Prime;][vc_single_image image=\u00a0\u00bb54&Prime; img_size=\u00a0\u00bbfull\u00a0\u00bb][vc_single_image image=\u00a0\u00bb52&Prime; img_size=\u00a0\u00bbfull\u00a0\u00bb alignment=\u00a0\u00bbcenter\u00a0\u00bb][\/vc_column][\/vc_row][vc_row][vc_column][vc_column_text]<\/p>\r\n<h2><span style=\"text-decoration: underline;\">Tarifs cours et stages mensuels et trimestriels:<\/span><\/h2>\r\n<p>Vous y serez inform\u00e9s avec les d\u00e9tails de chaque cours.<\/p>\r\n<ul>\r\n<li><span class=\"two\"><strong>\u00c9tudiants et ch\u00f4meurs<\/strong> : Tarif sp\u00e9cial sur pr\u00e9sentation de justificatifs (forfait).<\/span><\/li>\r\n<li><span class=\"two\"><strong>Milieu Scolaire et Entreprises<\/strong>: Devis personn<\/span><span class=\"two\">alis\u00e9\u00a0<b>sur simple demande.<\/b><\/span><\/li>\r\n<\/ul>\r\n<h2><span style=\"text-decoration: underline;\">Mode de paiement:<\/span><\/h2>\r\n<p>A travers le site Hello Asso\u00a0 &#8211;\u00a0 En ch\u00e8que ou par virement.<\/p>\r\n<h2><span style=\"text-decoration: underline;\">Horaires d&rsquo;ouvertures:<\/span><\/h2>\r\n<p><span class=\"two\">Nous assurons une pr\u00e9sence sur le lieu aux heures des cours comme pr\u00e9cis\u00e9 dans le programme. En dehors de ces heures, vous pouvez nous joindre par mail ou par t\u00e9l\u00e9phone \u00e0 tout moment.<\/span><\/p>\r\n<h5><strong><a href=\"https:\/\/sophrologue-eft-lyon.com\/rire-et-zen-attitude\/wp-content\/uploads\/sites\/9\/2025\/09\/Plaquette-RZA-25-26.pdf\">T\u00e9l\u00e9charger Plaquette 25-26<\/a><\/strong><\/h5>\r\n<h5><strong><a href=\"https:\/\/sophrologue-eft-lyon.com\/rire-et-zen-attitude\/wp-content\/uploads\/sites\/9\/2025\/08\/Plaquette-RZA-25-26.pdf\">\u00a0\u00a0\u00a0\u00a0<\/a><\/strong><\/h5>\r\n<p>[\/vc_column_text][\/vc_column][\/vc_row]<\/p>","protected":false},"excerpt":{"rendered":"<p>[vc_row][vc_column width=\u00a0\u00bb2\/3&Prime;][vc_column_text] Adh\u00e9sion: Adh\u00e9sion 10\u20ac; 15\u20ac; 20\u20ac; 5\u20ac (tarif sp\u00e9cial)*\u00a0 \u00a0 \u00a0\u00a0 S\u00e9ance d\u00e9couverte 5\u20ac en septembre et 15\u20ac \u00e0 partir d&rsquo;octobre (elle sera d\u00e9duite du co\u00fbt de l\u2019activit\u00e9 en cas de confirmation pour forfait annuel). \u00a0 \u00a0 \u00a0 \u00a0 \u00a0=&gt; Certificat M\u00e9dical Obligatoire pour le Yoga du Rire, \u00e0 partir de la 2e s\u00e9ance. [&hellip;]<\/p>\n","protected":false},"author":2,"featured_media":0,"parent":0,"menu_order":0,"comment_status":"closed","ping_status":"closed","template":"","meta":{"_et_pb_use_builder":"off","_et_pb_old_content":"","_et_gb_content_width":"","footnotes":""},"class_list":["post-25","page","type-page","status-publish","hentry"],"yoast_head":"<!-- This site is optimized with the Yoast SEO plugin v26.7 - https:\/\/yoast.com\/wordpress\/plugins\/seo\/ -->\n<title>Nos tarifs sont accessibles \u00e0 tous.<\/title>\n<meta name=\"description\" content=\"activit\u00e9 de pr\u00e9vention et de mieux \u00eatre. Yoga du rire , Sophrologie \u00e0 Lyon... Adh\u00e9sion \u00e0 l&#039;association 10\u20ac, S\u00e9ance d\u00e9couverte 10\u20ac...\" \/>\n<meta name=\"robots\" content=\"index, follow, max-snippet:-1, max-image-preview:large, max-video-preview:-1\" \/>\n<link rel=\"canonical\" href=\"https:\/\/sophrologue-eft-lyon.com\/rire-et-zen-attitude\/yoga-rire-tarifs-et-programme-saison-2024-2025-black-friday\/\" \/>\n<meta property=\"og:locale\" content=\"fr_FR\" \/>\n<meta property=\"og:type\" content=\"article\" \/>\n<meta property=\"og:title\" content=\"Nos tarifs sont accessibles \u00e0 tous.\" \/>\n<meta property=\"og:description\" content=\"activit\u00e9 de pr\u00e9vention et de mieux \u00eatre. Yoga du rire , Sophrologie \u00e0 Lyon... Adh\u00e9sion \u00e0 l&#039;association 10\u20ac, S\u00e9ance d\u00e9couverte 10\u20ac...\" \/>\n<meta property=\"og:url\" content=\"https:\/\/sophrologue-eft-lyon.com\/rire-et-zen-attitude\/yoga-rire-tarifs-et-programme-saison-2024-2025-black-friday\/\" \/>\n<meta property=\"og:site_name\" content=\"Rire et Zen attitude\" \/>\n<meta property=\"article:modified_time\" content=\"2026-01-10T18:43:23+00:00\" \/>\n<meta property=\"og:image\" content=\"https:\/\/sophrologue-eft-lyon.com\/rire-et-zen-attitude\/wp-content\/uploads\/sites\/9\/2025\/11\/Black-Friday-25-1-1024x933-1.jpg\" \/>\n\t<meta property=\"og:image:width\" content=\"1024\" \/>\n\t<meta property=\"og:image:height\" content=\"933\" \/>\n\t<meta property=\"og:image:type\" content=\"image\/jpeg\" \/>\n<meta name=\"twitter:card\" content=\"summary_large_image\" \/>\n<meta name=\"twitter:label1\" content=\"Dur\u00e9e de lecture estim\u00e9e\" \/>\n\t<meta name=\"twitter:data1\" content=\"3 minutes\" \/>\n<script type=\"application\/ld+json\" class=\"yoast-schema-graph\">{\"@context\":\"https:\/\/schema.org\",\"@graph\":[{\"@type\":\"WebPage\",\"@id\":\"https:\/\/sophrologue-eft-lyon.com\/rire-et-zen-attitude\/yoga-rire-tarifs-et-programme-saison-2024-2025-black-friday\/\",\"url\":\"https:\/\/sophrologue-eft-lyon.com\/rire-et-zen-attitude\/yoga-rire-tarifs-et-programme-saison-2024-2025-black-friday\/\",\"name\":\"Nos tarifs sont accessibles \u00e0 tous.\",\"isPartOf\":{\"@id\":\"https:\/\/sophrologue-eft-lyon.com\/rire-et-zen-attitude\/#website\"},\"primaryImageOfPage\":{\"@id\":\"https:\/\/sophrologue-eft-lyon.com\/rire-et-zen-attitude\/yoga-rire-tarifs-et-programme-saison-2024-2025-black-friday\/#primaryimage\"},\"image\":{\"@id\":\"https:\/\/sophrologue-eft-lyon.com\/rire-et-zen-attitude\/yoga-rire-tarifs-et-programme-saison-2024-2025-black-friday\/#primaryimage\"},\"thumbnailUrl\":\"https:\/\/sophrologue-eft-lyon.com\/rire-et-zen-attitude\/wp-content\/uploads\/sites\/9\/2025\/11\/Black-Friday-25-1-1024x933-1.jpg\",\"datePublished\":\"2025-01-05T12:00:01+00:00\",\"dateModified\":\"2026-01-10T18:43:23+00:00\",\"description\":\"activit\u00e9 de pr\u00e9vention et de mieux \u00eatre. Yoga du rire , Sophrologie \u00e0 Lyon... Adh\u00e9sion \u00e0 l'association 10\u20ac, S\u00e9ance d\u00e9couverte 10\u20ac...\",\"breadcrumb\":{\"@id\":\"https:\/\/sophrologue-eft-lyon.com\/rire-et-zen-attitude\/yoga-rire-tarifs-et-programme-saison-2024-2025-black-friday\/#breadcrumb\"},\"inLanguage\":\"fr-FR\",\"potentialAction\":[{\"@type\":\"ReadAction\",\"target\":[\"https:\/\/sophrologue-eft-lyon.com\/rire-et-zen-attitude\/yoga-rire-tarifs-et-programme-saison-2024-2025-black-friday\/\"]}]},{\"@type\":\"ImageObject\",\"inLanguage\":\"fr-FR\",\"@id\":\"https:\/\/sophrologue-eft-lyon.com\/rire-et-zen-attitude\/yoga-rire-tarifs-et-programme-saison-2024-2025-black-friday\/#primaryimage\",\"url\":\"https:\/\/sophrologue-eft-lyon.com\/rire-et-zen-attitude\/wp-content\/uploads\/sites\/9\/2025\/11\/Black-Friday-25-1-1024x933-1.jpg\",\"contentUrl\":\"https:\/\/sophrologue-eft-lyon.com\/rire-et-zen-attitude\/wp-content\/uploads\/sites\/9\/2025\/11\/Black-Friday-25-1-1024x933-1.jpg\",\"width\":1024,\"height\":933},{\"@type\":\"BreadcrumbList\",\"@id\":\"https:\/\/sophrologue-eft-lyon.com\/rire-et-zen-attitude\/yoga-rire-tarifs-et-programme-saison-2024-2025-black-friday\/#breadcrumb\",\"itemListElement\":[{\"@type\":\"ListItem\",\"position\":1,\"name\":\"Accueil\",\"item\":\"https:\/\/sophrologue-eft-lyon.com\/rire-et-zen-attitude\/\"},{\"@type\":\"ListItem\",\"position\":2,\"name\":\"Tarifs et Programme\"}]},{\"@type\":\"WebSite\",\"@id\":\"https:\/\/sophrologue-eft-lyon.com\/rire-et-zen-attitude\/#website\",\"url\":\"https:\/\/sophrologue-eft-lyon.com\/rire-et-zen-attitude\/\",\"name\":\"Rire et Zen attitude\",\"description\":\"Aller de l\u2019avant quotidiennement\",\"publisher\":{\"@id\":\"https:\/\/sophrologue-eft-lyon.com\/rire-et-zen-attitude\/#\/schema\/person\/b5d6a3b9904aac61c6691dcb8565a296\"},\"potentialAction\":[{\"@type\":\"SearchAction\",\"target\":{\"@type\":\"EntryPoint\",\"urlTemplate\":\"https:\/\/sophrologue-eft-lyon.com\/rire-et-zen-attitude\/?s={search_term_string}\"},\"query-input\":{\"@type\":\"PropertyValueSpecification\",\"valueRequired\":true,\"valueName\":\"search_term_string\"}}],\"inLanguage\":\"fr-FR\"},{\"@type\":[\"Person\",\"Organization\"],\"@id\":\"https:\/\/sophrologue-eft-lyon.com\/rire-et-zen-attitude\/#\/schema\/person\/b5d6a3b9904aac61c6691dcb8565a296\",\"name\":\"adminsouad\",\"image\":{\"@type\":\"ImageObject\",\"inLanguage\":\"fr-FR\",\"@id\":\"https:\/\/sophrologue-eft-lyon.com\/rire-et-zen-attitude\/#\/schema\/person\/image\/\",\"url\":\"https:\/\/sophrologue-eft-lyon.com\/rire-et-zen-attitude\/wp-content\/uploads\/sites\/9\/2025\/07\/Logo-Asso-tres-petit-taille.jpg\",\"contentUrl\":\"https:\/\/sophrologue-eft-lyon.com\/rire-et-zen-attitude\/wp-content\/uploads\/sites\/9\/2025\/07\/Logo-Asso-tres-petit-taille.jpg\",\"width\":94,\"height\":140,\"caption\":\"adminsouad\"},\"logo\":{\"@id\":\"https:\/\/sophrologue-eft-lyon.com\/rire-et-zen-attitude\/#\/schema\/person\/image\/\"}}]}<\/script>\n<!-- \/ Yoast SEO plugin. -->","yoast_head_json":{"title":"Nos tarifs sont accessibles \u00e0 tous.","description":"activit\u00e9 de pr\u00e9vention et de mieux \u00eatre. Yoga du rire , Sophrologie \u00e0 Lyon... Adh\u00e9sion \u00e0 l'association 10\u20ac, S\u00e9ance d\u00e9couverte 10\u20ac...","robots":{"index":"index","follow":"follow","max-snippet":"max-snippet:-1","max-image-preview":"max-image-preview:large","max-video-preview":"max-video-preview:-1"},"canonical":"https:\/\/sophrologue-eft-lyon.com\/rire-et-zen-attitude\/yoga-rire-tarifs-et-programme-saison-2024-2025-black-friday\/","og_locale":"fr_FR","og_type":"article","og_title":"Nos tarifs sont accessibles \u00e0 tous.","og_description":"activit\u00e9 de pr\u00e9vention et de mieux \u00eatre. Yoga du rire , Sophrologie \u00e0 Lyon... Adh\u00e9sion \u00e0 l'association 10\u20ac, S\u00e9ance d\u00e9couverte 10\u20ac...","og_url":"https:\/\/sophrologue-eft-lyon.com\/rire-et-zen-attitude\/yoga-rire-tarifs-et-programme-saison-2024-2025-black-friday\/","og_site_name":"Rire et Zen attitude","article_modified_time":"2026-01-10T18:43:23+00:00","og_image":[{"width":1024,"height":933,"url":"https:\/\/sophrologue-eft-lyon.com\/rire-et-zen-attitude\/wp-content\/uploads\/sites\/9\/2025\/11\/Black-Friday-25-1-1024x933-1.jpg","type":"image\/jpeg"}],"twitter_card":"summary_large_image","twitter_misc":{"Dur\u00e9e de lecture estim\u00e9e":"3 minutes"},"schema":{"@context":"https:\/\/schema.org","@graph":[{"@type":"WebPage","@id":"https:\/\/sophrologue-eft-lyon.com\/rire-et-zen-attitude\/yoga-rire-tarifs-et-programme-saison-2024-2025-black-friday\/","url":"https:\/\/sophrologue-eft-lyon.com\/rire-et-zen-attitude\/yoga-rire-tarifs-et-programme-saison-2024-2025-black-friday\/","name":"Nos tarifs sont accessibles \u00e0 tous.","isPartOf":{"@id":"https:\/\/sophrologue-eft-lyon.com\/rire-et-zen-attitude\/#website"},"primaryImageOfPage":{"@id":"https:\/\/sophrologue-eft-lyon.com\/rire-et-zen-attitude\/yoga-rire-tarifs-et-programme-saison-2024-2025-black-friday\/#primaryimage"},"image":{"@id":"https:\/\/sophrologue-eft-lyon.com\/rire-et-zen-attitude\/yoga-rire-tarifs-et-programme-saison-2024-2025-black-friday\/#primaryimage"},"thumbnailUrl":"https:\/\/sophrologue-eft-lyon.com\/rire-et-zen-attitude\/wp-content\/uploads\/sites\/9\/2025\/11\/Black-Friday-25-1-1024x933-1.jpg","datePublished":"2025-01-05T12:00:01+00:00","dateModified":"2026-01-10T18:43:23+00:00","description":"activit\u00e9 de pr\u00e9vention et de mieux \u00eatre. Yoga du rire , Sophrologie \u00e0 Lyon... Adh\u00e9sion \u00e0 l'association 10\u20ac, S\u00e9ance d\u00e9couverte 10\u20ac...","breadcrumb":{"@id":"https:\/\/sophrologue-eft-lyon.com\/rire-et-zen-attitude\/yoga-rire-tarifs-et-programme-saison-2024-2025-black-friday\/#breadcrumb"},"inLanguage":"fr-FR","potentialAction":[{"@type":"ReadAction","target":["https:\/\/sophrologue-eft-lyon.com\/rire-et-zen-attitude\/yoga-rire-tarifs-et-programme-saison-2024-2025-black-friday\/"]}]},{"@type":"ImageObject","inLanguage":"fr-FR","@id":"https:\/\/sophrologue-eft-lyon.com\/rire-et-zen-attitude\/yoga-rire-tarifs-et-programme-saison-2024-2025-black-friday\/#primaryimage","url":"https:\/\/sophrologue-eft-lyon.com\/rire-et-zen-attitude\/wp-content\/uploads\/sites\/9\/2025\/11\/Black-Friday-25-1-1024x933-1.jpg","contentUrl":"https:\/\/sophrologue-eft-lyon.com\/rire-et-zen-attitude\/wp-content\/uploads\/sites\/9\/2025\/11\/Black-Friday-25-1-1024x933-1.jpg","width":1024,"height":933},{"@type":"BreadcrumbList","@id":"https:\/\/sophrologue-eft-lyon.com\/rire-et-zen-attitude\/yoga-rire-tarifs-et-programme-saison-2024-2025-black-friday\/#breadcrumb","itemListElement":[{"@type":"ListItem","position":1,"name":"Accueil","item":"https:\/\/sophrologue-eft-lyon.com\/rire-et-zen-attitude\/"},{"@type":"ListItem","position":2,"name":"Tarifs et Programme"}]},{"@type":"WebSite","@id":"https:\/\/sophrologue-eft-lyon.com\/rire-et-zen-attitude\/#website","url":"https:\/\/sophrologue-eft-lyon.com\/rire-et-zen-attitude\/","name":"Rire et Zen attitude","description":"Aller de l\u2019avant quotidiennement","publisher":{"@id":"https:\/\/sophrologue-eft-lyon.com\/rire-et-zen-attitude\/#\/schema\/person\/b5d6a3b9904aac61c6691dcb8565a296"},"potentialAction":[{"@type":"SearchAction","target":{"@type":"EntryPoint","urlTemplate":"https:\/\/sophrologue-eft-lyon.com\/rire-et-zen-attitude\/?s={search_term_string}"},"query-input":{"@type":"PropertyValueSpecification","valueRequired":true,"valueName":"search_term_string"}}],"inLanguage":"fr-FR"},{"@type":["Person","Organization"],"@id":"https:\/\/sophrologue-eft-lyon.com\/rire-et-zen-attitude\/#\/schema\/person\/b5d6a3b9904aac61c6691dcb8565a296","name":"adminsouad","image":{"@type":"ImageObject","inLanguage":"fr-FR","@id":"https:\/\/sophrologue-eft-lyon.com\/rire-et-zen-attitude\/#\/schema\/person\/image\/","url":"https:\/\/sophrologue-eft-lyon.com\/rire-et-zen-attitude\/wp-content\/uploads\/sites\/9\/2025\/07\/Logo-Asso-tres-petit-taille.jpg","contentUrl":"https:\/\/sophrologue-eft-lyon.com\/rire-et-zen-attitude\/wp-content\/uploads\/sites\/9\/2025\/07\/Logo-Asso-tres-petit-taille.jpg","width":94,"height":140,"caption":"adminsouad"},"logo":{"@id":"https:\/\/sophrologue-eft-lyon.com\/rire-et-zen-attitude\/#\/schema\/person\/image\/"}}]}},"_links":{"self":[{"href":"https:\/\/sophrologue-eft-lyon.com\/rire-et-zen-attitude\/wp-json\/wp\/v2\/pages\/25","targetHints":{"allow":["GET"]}}],"collection":[{"href":"https:\/\/sophrologue-eft-lyon.com\/rire-et-zen-attitude\/wp-json\/wp\/v2\/pages"}],"about":[{"href":"https:\/\/sophrologue-eft-lyon.com\/rire-et-zen-attitude\/wp-json\/wp\/v2\/types\/page"}],"author":[{"embeddable":true,"href":"https:\/\/sophrologue-eft-lyon.com\/rire-et-zen-attitude\/wp-json\/wp\/v2\/users\/2"}],"replies":[{"embeddable":true,"href":"https:\/\/sophrologue-eft-lyon.com\/rire-et-zen-attitude\/wp-json\/wp\/v2\/comments?post=25"}],"version-history":[{"count":74,"href":"https:\/\/sophrologue-eft-lyon.com\/rire-et-zen-attitude\/wp-json\/wp\/v2\/pages\/25\/revisions"}],"predecessor-version":[{"id":1512,"href":"https:\/\/sophrologue-eft-lyon.com\/rire-et-zen-attitude\/wp-json\/wp\/v2\/pages\/25\/revisions\/1512"}],"wp:attachment":[{"href":"https:\/\/sophrologue-eft-lyon.com\/rire-et-zen-attitude\/wp-json\/wp\/v2\/media?parent=25"}],"curies":[{"name":"wp","href":"https:\/\/api.w.org\/{rel}","templated":true}]}}