{"id":14,"date":"2025-10-07T15:21:15","date_gmt":"2025-10-07T13:21:15","guid":{"rendered":"https:\/\/sophrologue-eft-lyon.com\/rire-et-zen-attitude\/?page_id=14"},"modified":"2025-11-19T11:26:15","modified_gmt":"2025-11-19T10:26:15","slug":"actualites-de-rire-et-zen-attitude","status":"publish","type":"page","link":"https:\/\/sophrologue-eft-lyon.com\/rire-et-zen-attitude\/actualites-de-rire-et-zen-attitude\/","title":{"rendered":"Actualit\u00e9s"},"content":{"rendered":"<p>[et_pb_section fb_built=\u00a0\u00bb1&Prime; _builder_version=\u00a0\u00bb4.16&Prime; global_colors_info=\u00a0\u00bb{}\u00a0\u00bb theme_builder_area=\u00a0\u00bbpost_content\u00a0\u00bb custom_padding=\u00a0\u00bb38px|||||\u00a0\u00bb][et_pb_row column_structure=\u00a0\u00bb3_5,2_5&Prime; _builder_version=\u00a0\u00bb4.16&Prime; background_size=\u00a0\u00bbinitial\u00a0\u00bb background_position=\u00a0\u00bbtop_left\u00a0\u00bb background_repeat=\u00a0\u00bbrepeat\u00a0\u00bb hover_enabled=\u00a0\u00bb0&Prime; global_colors_info=\u00a0\u00bb{}\u00a0\u00bb theme_builder_area=\u00a0\u00bbpost_content\u00a0\u00bb sticky_enabled=\u00a0\u00bb0&Prime;][et_pb_column type=\u00a0\u00bb3_5&Prime; _builder_version=\u00a0\u00bb4.16&Prime; custom_padding=\u00a0\u00bb|||\u00a0\u00bb global_colors_info=\u00a0\u00bb{}\u00a0\u00bb custom_padding__hover=\u00a0\u00bb|||\u00a0\u00bb theme_builder_area=\u00a0\u00bbpost_content\u00a0\u00bb][et_pb_text _builder_version=\u00a0\u00bb4.27.4&Prime; background_size=\u00a0\u00bbinitial\u00a0\u00bb background_position=\u00a0\u00bbtop_left\u00a0\u00bb background_repeat=\u00a0\u00bbrepeat\u00a0\u00bb hover_enabled=\u00a0\u00bb0&Prime; global_colors_info=\u00a0\u00bb{}\u00a0\u00bb theme_builder_area=\u00a0\u00bbpost_content\u00a0\u00bb sticky_enabled=\u00a0\u00bb0&Prime;]Bonjour,<\/p>\n<p>Vous trouverez sur cette page l&rsquo;actualit\u00e9 de notre programme mise \u00e0 jour r\u00e9guli\u00e8rement avec les nouvelles propositions.<\/p>\n<p>Prenez le temps de fouiller, peut-\u00eatre vous d\u00e9couvrirez des tr\u00e9sors qui vous sont inestimables.<\/p>\n<p>Bonne fouille. Contactez nous si besoin&#8230;<\/p>\n<p><img loading=\"lazy\" decoding=\"async\" src=\"https:\/\/sophrologue-eft-lyon.com\/rire-et-zen-attitude\/wp-content\/uploads\/sites\/9\/2025\/11\/Black-Friday-25-1-1024x933.jpg\" width=\"1024\" height=\"933\" alt=\"\" class=\"wp-image-1490 alignnone size-large\" srcset=\"https:\/\/sophrologue-eft-lyon.com\/rire-et-zen-attitude\/wp-content\/uploads\/sites\/9\/2025\/11\/Black-Friday-25-1-1024x933.jpg 1024w, https:\/\/sophrologue-eft-lyon.com\/rire-et-zen-attitude\/wp-content\/uploads\/sites\/9\/2025\/11\/Black-Friday-25-1-980x893.jpg 980w, https:\/\/sophrologue-eft-lyon.com\/rire-et-zen-attitude\/wp-content\/uploads\/sites\/9\/2025\/11\/Black-Friday-25-1-480x437.jpg 480w\" sizes=\"(min-width: 0px) and (max-width: 480px) 480px, (min-width: 481px) and (max-width: 980px) 980px, (min-width: 981px) 1024px, 100vw\" \/><\/p>\n<p>&nbsp;[\/et_pb_text][\/et_pb_column][et_pb_column type=\u00a0\u00bb2_5&Prime; _builder_version=\u00a0\u00bb4.16&Prime; custom_padding=\u00a0\u00bb|||\u00a0\u00bb global_colors_info=\u00a0\u00bb{}\u00a0\u00bb custom_padding__hover=\u00a0\u00bb|||\u00a0\u00bb theme_builder_area=\u00a0\u00bbpost_content\u00a0\u00bb][et_pb_blog include_categories=\u00a0\u00bb19&Prime; show_author=\u00a0\u00bboff\u00a0\u00bb show_categories=\u00a0\u00bboff\u00a0\u00bb admin_label=\u00a0\u00bbBlog\u00a0\u00bb _builder_version=\u00a0\u00bb4.27.2&Prime; _module_preset=\u00a0\u00bbdefault\u00a0\u00bb header_font_size=\u00a0\u00bb16px\u00a0\u00bb meta_font_size=\u00a0\u00bb12px\u00a0\u00bb meta_line_height=\u00a0\u00bb1.2em\u00a0\u00bb global_colors_info=\u00a0\u00bb{}\u00a0\u00bb theme_builder_area=\u00a0\u00bbpost_content\u00a0\u00bb][\/et_pb_blog][\/et_pb_column][\/et_pb_row][\/et_pb_section]<\/p>\n","protected":false},"excerpt":{"rendered":"<p>Bonjour, Vous trouverez sur cette page l&rsquo;actualit\u00e9 de notre programme mise \u00e0 jour r\u00e9guli\u00e8rement avec les nouvelles propositions. Prenez le temps de fouiller, peut-\u00eatre vous d\u00e9couvrirez des tr\u00e9sors qui vous sont inestimables. Bonne fouille. Contactez nous si besoin&#8230; &nbsp;<\/p>\n","protected":false},"author":2,"featured_media":0,"parent":0,"menu_order":0,"comment_status":"closed","ping_status":"closed","template":"","meta":{"_et_pb_use_builder":"on","_et_pb_old_content":"<p>Bonjour,<\/p><p>Vous trouverez sur cette page l'actualit\u00e9 de notre programme mise \u00e0 jour r\u00e9guli\u00e8rement avec les nouvelles propositions.<\/p><p>Prenez le temps de fouiller, peut-\u00eatre vous d\u00e9couvrirez des tr\u00e9sors qui vous sont inestimables.<\/p><p>Bonne fouille. Contactez nous si besoin...<\/p><p><img class=\"alignnone wp-image-1165 size-large\" src=\"https:\/\/sophrologue-eft-lyon.com\/rire-et-zen-attitude\/wp-content\/uploads\/sites\/9\/2024\/07\/Belle-et-agreable-Rentree-24-25-724x1024.jpg\" alt=\"\" width=\"724\" height=\"1024\" \/><\/p>","_et_gb_content_width":"","footnotes":""},"class_list":["post-14","page","type-page","status-publish","hentry"],"yoast_head":"<!-- This site is optimized with the Yoast SEO plugin v26.7 - https:\/\/yoast.com\/wordpress\/plugins\/seo\/ -->\n<title>l&#039;actualit\u00e9 du site yoga du rire, sophrologie, marche en PC<\/title>\n<meta name=\"description\" content=\"vous trouverez sur cette page l&#039;actualit\u00e9 de notre programme mise \u00e0 jour r\u00e9guli\u00e9rement avec les nouvelles propositions.\" \/>\n<meta name=\"robots\" content=\"index, follow, max-snippet:-1, max-image-preview:large, max-video-preview:-1\" \/>\n<link rel=\"canonical\" href=\"https:\/\/sophrologue-eft-lyon.com\/rire-et-zen-attitude\/actualites-de-rire-et-zen-attitude\/\" \/>\n<meta property=\"og:locale\" content=\"fr_FR\" \/>\n<meta property=\"og:type\" content=\"article\" \/>\n<meta property=\"og:title\" content=\"l&#039;actualit\u00e9 du site yoga du rire, sophrologie, marche en PC\" \/>\n<meta property=\"og:description\" content=\"vous trouverez sur cette page l&#039;actualit\u00e9 de notre programme mise \u00e0 jour r\u00e9guli\u00e9rement avec les nouvelles propositions.\" \/>\n<meta property=\"og:url\" content=\"https:\/\/sophrologue-eft-lyon.com\/rire-et-zen-attitude\/actualites-de-rire-et-zen-attitude\/\" \/>\n<meta property=\"og:site_name\" content=\"Rire et Zen attitude\" \/>\n<meta property=\"article:modified_time\" content=\"2025-11-19T10:26:15+00:00\" \/>\n<meta property=\"og:image\" content=\"https:\/\/sophrologue-eft-lyon.com\/rire-et-zen-attitude\/wp-content\/uploads\/sites\/9\/2025\/11\/Black-Friday-25-1.jpg\" \/>\n\t<meta property=\"og:image:width\" content=\"1226\" \/>\n\t<meta property=\"og:image:height\" content=\"1117\" \/>\n\t<meta property=\"og:image:type\" content=\"image\/jpeg\" \/>\n<meta name=\"twitter:card\" content=\"summary_large_image\" \/>\n<meta name=\"twitter:label1\" content=\"Dur\u00e9e de lecture estim\u00e9e\" \/>\n\t<meta name=\"twitter:data1\" content=\"4 minutes\" \/>\n<script type=\"application\/ld+json\" class=\"yoast-schema-graph\">{\"@context\":\"https:\/\/schema.org\",\"@graph\":[{\"@type\":\"WebPage\",\"@id\":\"https:\/\/sophrologue-eft-lyon.com\/rire-et-zen-attitude\/actualites-de-rire-et-zen-attitude\/\",\"url\":\"https:\/\/sophrologue-eft-lyon.com\/rire-et-zen-attitude\/actualites-de-rire-et-zen-attitude\/\",\"name\":\"l'actualit\u00e9 du site yoga du rire, sophrologie, marche en PC\",\"isPartOf\":{\"@id\":\"https:\/\/sophrologue-eft-lyon.com\/rire-et-zen-attitude\/#website\"},\"primaryImageOfPage\":{\"@id\":\"https:\/\/sophrologue-eft-lyon.com\/rire-et-zen-attitude\/actualites-de-rire-et-zen-attitude\/#primaryimage\"},\"image\":{\"@id\":\"https:\/\/sophrologue-eft-lyon.com\/rire-et-zen-attitude\/actualites-de-rire-et-zen-attitude\/#primaryimage\"},\"thumbnailUrl\":\"https:\/\/sophrologue-eft-lyon.com\/rire-et-zen-attitude\/wp-content\/uploads\/sites\/9\/2025\/11\/Black-Friday-25-1-1024x933.jpg\",\"datePublished\":\"2025-10-07T13:21:15+00:00\",\"dateModified\":\"2025-11-19T10:26:15+00:00\",\"description\":\"vous trouverez sur cette page l'actualit\u00e9 de notre programme mise \u00e0 jour r\u00e9guli\u00e9rement avec les nouvelles propositions.\",\"breadcrumb\":{\"@id\":\"https:\/\/sophrologue-eft-lyon.com\/rire-et-zen-attitude\/actualites-de-rire-et-zen-attitude\/#breadcrumb\"},\"inLanguage\":\"fr-FR\",\"potentialAction\":[{\"@type\":\"ReadAction\",\"target\":[\"https:\/\/sophrologue-eft-lyon.com\/rire-et-zen-attitude\/actualites-de-rire-et-zen-attitude\/\"]}]},{\"@type\":\"ImageObject\",\"inLanguage\":\"fr-FR\",\"@id\":\"https:\/\/sophrologue-eft-lyon.com\/rire-et-zen-attitude\/actualites-de-rire-et-zen-attitude\/#primaryimage\",\"url\":\"https:\/\/sophrologue-eft-lyon.com\/rire-et-zen-attitude\/wp-content\/uploads\/sites\/9\/2025\/11\/Black-Friday-25-1.jpg\",\"contentUrl\":\"https:\/\/sophrologue-eft-lyon.com\/rire-et-zen-attitude\/wp-content\/uploads\/sites\/9\/2025\/11\/Black-Friday-25-1.jpg\",\"width\":1226,\"height\":1117},{\"@type\":\"BreadcrumbList\",\"@id\":\"https:\/\/sophrologue-eft-lyon.com\/rire-et-zen-attitude\/actualites-de-rire-et-zen-attitude\/#breadcrumb\",\"itemListElement\":[{\"@type\":\"ListItem\",\"position\":1,\"name\":\"Accueil\",\"item\":\"https:\/\/sophrologue-eft-lyon.com\/rire-et-zen-attitude\/\"},{\"@type\":\"ListItem\",\"position\":2,\"name\":\"Actualit\u00e9s\"}]},{\"@type\":\"WebSite\",\"@id\":\"https:\/\/sophrologue-eft-lyon.com\/rire-et-zen-attitude\/#website\",\"url\":\"https:\/\/sophrologue-eft-lyon.com\/rire-et-zen-attitude\/\",\"name\":\"Rire et Zen attitude\",\"description\":\"Aller de l\u2019avant quotidiennement\",\"publisher\":{\"@id\":\"https:\/\/sophrologue-eft-lyon.com\/rire-et-zen-attitude\/#\/schema\/person\/b5d6a3b9904aac61c6691dcb8565a296\"},\"potentialAction\":[{\"@type\":\"SearchAction\",\"target\":{\"@type\":\"EntryPoint\",\"urlTemplate\":\"https:\/\/sophrologue-eft-lyon.com\/rire-et-zen-attitude\/?s={search_term_string}\"},\"query-input\":{\"@type\":\"PropertyValueSpecification\",\"valueRequired\":true,\"valueName\":\"search_term_string\"}}],\"inLanguage\":\"fr-FR\"},{\"@type\":[\"Person\",\"Organization\"],\"@id\":\"https:\/\/sophrologue-eft-lyon.com\/rire-et-zen-attitude\/#\/schema\/person\/b5d6a3b9904aac61c6691dcb8565a296\",\"name\":\"adminsouad\",\"image\":{\"@type\":\"ImageObject\",\"inLanguage\":\"fr-FR\",\"@id\":\"https:\/\/sophrologue-eft-lyon.com\/rire-et-zen-attitude\/#\/schema\/person\/image\/\",\"url\":\"https:\/\/sophrologue-eft-lyon.com\/rire-et-zen-attitude\/wp-content\/uploads\/sites\/9\/2025\/07\/Logo-Asso-tres-petit-taille.jpg\",\"contentUrl\":\"https:\/\/sophrologue-eft-lyon.com\/rire-et-zen-attitude\/wp-content\/uploads\/sites\/9\/2025\/07\/Logo-Asso-tres-petit-taille.jpg\",\"width\":94,\"height\":140,\"caption\":\"adminsouad\"},\"logo\":{\"@id\":\"https:\/\/sophrologue-eft-lyon.com\/rire-et-zen-attitude\/#\/schema\/person\/image\/\"}}]}<\/script>\n<!-- \/ Yoast SEO plugin. -->","yoast_head_json":{"title":"l'actualit\u00e9 du site yoga du rire, sophrologie, marche en PC","description":"vous trouverez sur cette page l'actualit\u00e9 de notre programme mise \u00e0 jour r\u00e9guli\u00e9rement avec les nouvelles propositions.","robots":{"index":"index","follow":"follow","max-snippet":"max-snippet:-1","max-image-preview":"max-image-preview:large","max-video-preview":"max-video-preview:-1"},"canonical":"https:\/\/sophrologue-eft-lyon.com\/rire-et-zen-attitude\/actualites-de-rire-et-zen-attitude\/","og_locale":"fr_FR","og_type":"article","og_title":"l'actualit\u00e9 du site yoga du rire, sophrologie, marche en PC","og_description":"vous trouverez sur cette page l'actualit\u00e9 de notre programme mise \u00e0 jour r\u00e9guli\u00e9rement avec les nouvelles propositions.","og_url":"https:\/\/sophrologue-eft-lyon.com\/rire-et-zen-attitude\/actualites-de-rire-et-zen-attitude\/","og_site_name":"Rire et Zen attitude","article_modified_time":"2025-11-19T10:26:15+00:00","og_image":[{"width":1226,"height":1117,"url":"https:\/\/sophrologue-eft-lyon.com\/rire-et-zen-attitude\/wp-content\/uploads\/sites\/9\/2025\/11\/Black-Friday-25-1.jpg","type":"image\/jpeg"}],"twitter_card":"summary_large_image","twitter_misc":{"Dur\u00e9e de lecture estim\u00e9e":"4 minutes"},"schema":{"@context":"https:\/\/schema.org","@graph":[{"@type":"WebPage","@id":"https:\/\/sophrologue-eft-lyon.com\/rire-et-zen-attitude\/actualites-de-rire-et-zen-attitude\/","url":"https:\/\/sophrologue-eft-lyon.com\/rire-et-zen-attitude\/actualites-de-rire-et-zen-attitude\/","name":"l'actualit\u00e9 du site yoga du rire, sophrologie, marche en PC","isPartOf":{"@id":"https:\/\/sophrologue-eft-lyon.com\/rire-et-zen-attitude\/#website"},"primaryImageOfPage":{"@id":"https:\/\/sophrologue-eft-lyon.com\/rire-et-zen-attitude\/actualites-de-rire-et-zen-attitude\/#primaryimage"},"image":{"@id":"https:\/\/sophrologue-eft-lyon.com\/rire-et-zen-attitude\/actualites-de-rire-et-zen-attitude\/#primaryimage"},"thumbnailUrl":"https:\/\/sophrologue-eft-lyon.com\/rire-et-zen-attitude\/wp-content\/uploads\/sites\/9\/2025\/11\/Black-Friday-25-1-1024x933.jpg","datePublished":"2025-10-07T13:21:15+00:00","dateModified":"2025-11-19T10:26:15+00:00","description":"vous trouverez sur cette page l'actualit\u00e9 de notre programme mise \u00e0 jour r\u00e9guli\u00e9rement avec les nouvelles propositions.","breadcrumb":{"@id":"https:\/\/sophrologue-eft-lyon.com\/rire-et-zen-attitude\/actualites-de-rire-et-zen-attitude\/#breadcrumb"},"inLanguage":"fr-FR","potentialAction":[{"@type":"ReadAction","target":["https:\/\/sophrologue-eft-lyon.com\/rire-et-zen-attitude\/actualites-de-rire-et-zen-attitude\/"]}]},{"@type":"ImageObject","inLanguage":"fr-FR","@id":"https:\/\/sophrologue-eft-lyon.com\/rire-et-zen-attitude\/actualites-de-rire-et-zen-attitude\/#primaryimage","url":"https:\/\/sophrologue-eft-lyon.com\/rire-et-zen-attitude\/wp-content\/uploads\/sites\/9\/2025\/11\/Black-Friday-25-1.jpg","contentUrl":"https:\/\/sophrologue-eft-lyon.com\/rire-et-zen-attitude\/wp-content\/uploads\/sites\/9\/2025\/11\/Black-Friday-25-1.jpg","width":1226,"height":1117},{"@type":"BreadcrumbList","@id":"https:\/\/sophrologue-eft-lyon.com\/rire-et-zen-attitude\/actualites-de-rire-et-zen-attitude\/#breadcrumb","itemListElement":[{"@type":"ListItem","position":1,"name":"Accueil","item":"https:\/\/sophrologue-eft-lyon.com\/rire-et-zen-attitude\/"},{"@type":"ListItem","position":2,"name":"Actualit\u00e9s"}]},{"@type":"WebSite","@id":"https:\/\/sophrologue-eft-lyon.com\/rire-et-zen-attitude\/#website","url":"https:\/\/sophrologue-eft-lyon.com\/rire-et-zen-attitude\/","name":"Rire et Zen attitude","description":"Aller de l\u2019avant quotidiennement","publisher":{"@id":"https:\/\/sophrologue-eft-lyon.com\/rire-et-zen-attitude\/#\/schema\/person\/b5d6a3b9904aac61c6691dcb8565a296"},"potentialAction":[{"@type":"SearchAction","target":{"@type":"EntryPoint","urlTemplate":"https:\/\/sophrologue-eft-lyon.com\/rire-et-zen-attitude\/?s={search_term_string}"},"query-input":{"@type":"PropertyValueSpecification","valueRequired":true,"valueName":"search_term_string"}}],"inLanguage":"fr-FR"},{"@type":["Person","Organization"],"@id":"https:\/\/sophrologue-eft-lyon.com\/rire-et-zen-attitude\/#\/schema\/person\/b5d6a3b9904aac61c6691dcb8565a296","name":"adminsouad","image":{"@type":"ImageObject","inLanguage":"fr-FR","@id":"https:\/\/sophrologue-eft-lyon.com\/rire-et-zen-attitude\/#\/schema\/person\/image\/","url":"https:\/\/sophrologue-eft-lyon.com\/rire-et-zen-attitude\/wp-content\/uploads\/sites\/9\/2025\/07\/Logo-Asso-tres-petit-taille.jpg","contentUrl":"https:\/\/sophrologue-eft-lyon.com\/rire-et-zen-attitude\/wp-content\/uploads\/sites\/9\/2025\/07\/Logo-Asso-tres-petit-taille.jpg","width":94,"height":140,"caption":"adminsouad"},"logo":{"@id":"https:\/\/sophrologue-eft-lyon.com\/rire-et-zen-attitude\/#\/schema\/person\/image\/"}}]}},"_links":{"self":[{"href":"https:\/\/sophrologue-eft-lyon.com\/rire-et-zen-attitude\/wp-json\/wp\/v2\/pages\/14","targetHints":{"allow":["GET"]}}],"collection":[{"href":"https:\/\/sophrologue-eft-lyon.com\/rire-et-zen-attitude\/wp-json\/wp\/v2\/pages"}],"about":[{"href":"https:\/\/sophrologue-eft-lyon.com\/rire-et-zen-attitude\/wp-json\/wp\/v2\/types\/page"}],"author":[{"embeddable":true,"href":"https:\/\/sophrologue-eft-lyon.com\/rire-et-zen-attitude\/wp-json\/wp\/v2\/users\/2"}],"replies":[{"embeddable":true,"href":"https:\/\/sophrologue-eft-lyon.com\/rire-et-zen-attitude\/wp-json\/wp\/v2\/comments?post=14"}],"version-history":[{"count":44,"href":"https:\/\/sophrologue-eft-lyon.com\/rire-et-zen-attitude\/wp-json\/wp\/v2\/pages\/14\/revisions"}],"predecessor-version":[{"id":1502,"href":"https:\/\/sophrologue-eft-lyon.com\/rire-et-zen-attitude\/wp-json\/wp\/v2\/pages\/14\/revisions\/1502"}],"wp:attachment":[{"href":"https:\/\/sophrologue-eft-lyon.com\/rire-et-zen-attitude\/wp-json\/wp\/v2\/media?parent=14"}],"curies":[{"name":"wp","href":"https:\/\/api.w.org\/{rel}","templated":true}]}}